{"id":589,"date":"2015-10-22T11:33:53","date_gmt":"2015-10-22T11:33:53","guid":{"rendered":"http:\/\/plethorathemes.com\/healthx\/?page_id=589"},"modified":"2023-09-03T04:50:06","modified_gmt":"2023-09-03T02:50:06","slug":"personal","status":"publish","type":"page","link":"https:\/\/clinicasdime.com\/index.php\/personal\/","title":{"rendered":"Nuestro Personal"},"content":{"rendered":"<section class=\"wpb-content-wrapper\"><p>[vc_row full_width=\u00bb0&#8243; full_height=\u00bb0&#8243; particles=\u00bb0&#8243;][vc_column][vc_empty_space][vc_text_separator title=\u00bbDepartamento de Odontologia\u00bb][vc_column_text]<\/p>\n<p style=\"text-align: center;\">Desempe\u00f1a un papel crucial en la atenci\u00f3n m\u00e9dica integral, asegurando que los pacientes mantengan una buena salud oral y, por ende, una mejor calidad de vida en general. Su importancia radica en la prevenci\u00f3n, detecci\u00f3n temprana y tratamiento de problemas dentales, y su impacto positivo en la salud general de los pacientes.<\/p>\n<p>[\/vc_column_text]<div class=\"team_members_grid row\">\n\n\n    <div class=\"col-sm-6 col-md-3\">\n      <div class=\"team_member teaser_box centered same_height_col white_section\">\n\n        <a href=\"https:\/\/clinicasdime.com\/index.php\/profile\/dr-l-sebastian-cuero-c\/\" style=\"background-image: url('https:\/\/clinicasdime.com\/wp-content\/uploads\/2023\/09\/CDime_Personal_Odontologos.png')\" data-colorset=\"white_section\" class=\"linkify figure stretchy_wrapper ratio_1-1\">\n          <img decoding=\"async\" src=\"https:\/\/clinicasdime.com\/wp-content\/uploads\/2023\/09\/CDime_Personal_Odontologos.png\" title=\"Dr. L. Sebastian Cuero C.\" class=\"hide\" \/>\n        <\/a>\n\n\n        <div class=\"content boxed  with_button \">\n\n          <div class=\"hgroup\">\n            <h4>Dr. L. Sebastian Cuero C.<\/h4>\n             <p>Implantologo y Rehabilitador sobre Implantes<\/p> \n          <\/div>\n\n          <div class=\"team_social\">\n            <a href=\"https:\/\/www.facebook.com\/clinicasdime\"><i class=\"fa fa fa-facebook-square\"><\/i><\/a>\n            <a href=\"https:\/\/www.linkedin.com\/company\/clinicasdime\"><i class=\"fa fa fa-linkedin-square\"><\/i><\/a>\n            <a href=\"https:\/\/www.instagram.com\/clinicasdime\/\"><i class=\"fa fa fa-instagram\"><\/i><\/a>\n            <a href=\"https:\/\/www.tiktok.com\/@clinicasdime\"><i class=\"fa fa fa-music\"><\/i><\/a>\n            <a href=\"mailto:info@clinicasdime.com\"><i class=\"fa fa fa-envelope-o\"><\/i><\/a>\n          <\/div>\n\n          <div class=\"desc\">\n            <p><\/p>\n          <\/div>\n\n          <div class=\"link\">\n            <a href=\"https:\/\/clinicasdime.com\/index.php\/profile\/dr-l-sebastian-cuero-c\/\" data-colorset=\"white_section\" class=\"linkify btn btn-xs btn-default\">More<\/a>\n          <\/div>\n\n        <\/div>\n\n      <\/div>\n    <\/div>\n\n\n    <div class=\"col-sm-6 col-md-3\">\n      <div class=\"team_member teaser_box centered same_height_col white_section\">\n\n        <a href=\"https:\/\/clinicasdime.com\/index.php\/profile\/dra-olga-lucia-davila-davila\/\" style=\"background-image: url('https:\/\/clinicasdime.com\/wp-content\/uploads\/2024\/04\/DraOlgaDavila.png')\" data-colorset=\"white_section\" class=\"linkify figure stretchy_wrapper ratio_1-1\">\n          <img decoding=\"async\" src=\"https:\/\/clinicasdime.com\/wp-content\/uploads\/2024\/04\/DraOlgaDavila.png\" title=\"Dra. Olga Luc\u00eda D\u00e1vila D\u00e1vila\" class=\"hide\" \/>\n        <\/a>\n\n\n        <div class=\"content boxed  with_button \">\n\n          <div class=\"hgroup\">\n            <h4>Dra. Olga Luc\u00eda D\u00e1vila D\u00e1vila<\/h4>\n             <p>Odontologa General<\/p> \n          <\/div>\n\n          <div class=\"team_social\">\n            <a href=\"https:\/\/www.facebook.com\/clinicasdime\"><i class=\"fa fa fa-facebook-square\"><\/i><\/a>\n            <a href=\"https:\/\/www.linkedin.com\/company\/clinicasdime\"><i class=\"fa fa fa-linkedin-square\"><\/i><\/a>\n            <a href=\"https:\/\/www.instagram.com\/clinicasdime\/\"><i class=\"fa fa fa-instagram\"><\/i><\/a>\n            <a href=\"https:\/\/www.tiktok.com\/@clinicasdime\"><i class=\"fa fa fa-music\"><\/i><\/a>\n            <a href=\"mailto:info@clinicasdime.com\"><i class=\"fa fa fa-envelope-o\"><\/i><\/a>\n          <\/div>\n\n          <div class=\"desc\">\n            <p><\/p>\n          <\/div>\n\n          <div class=\"link\">\n            <a href=\"https:\/\/clinicasdime.com\/index.php\/profile\/dra-olga-lucia-davila-davila\/\" data-colorset=\"white_section\" class=\"linkify btn btn-xs btn-default\">More<\/a>\n          <\/div>\n\n        <\/div>\n\n      <\/div>\n    <\/div>\n\n\n    <div class=\"col-sm-6 col-md-3\">\n      <div class=\"team_member teaser_box centered same_height_col white_section\">\n\n        <a href=\"https:\/\/clinicasdime.com\/index.php\/profile\/jorge-castro\/\" style=\"background-image: url('https:\/\/clinicasdime.com\/wp-content\/uploads\/2024\/04\/DrJorgeCastro.png')\" data-colorset=\"white_section\" class=\"linkify figure stretchy_wrapper ratio_1-1\">\n          <img decoding=\"async\" src=\"https:\/\/clinicasdime.com\/wp-content\/uploads\/2024\/04\/DrJorgeCastro.png\" title=\"Jorge H. Castro A.\" class=\"hide\" \/>\n        <\/a>\n\n\n        <div class=\"content boxed  with_button \">\n\n          <div class=\"hgroup\">\n            <h4>Jorge H. Castro A.<\/h4>\n             <p>Cirujano Maxilofacial<\/p> \n          <\/div>\n\n          <div class=\"team_social\">\n            <a href=\"https:\/\/www.facebook.com\/clinicasdime\"><i class=\"fa fa fa-facebook-square\"><\/i><\/a>\n            <a href=\"https:\/\/www.linkedin.com\/company\/clinicasdime\"><i class=\"fa fa fa-linkedin-square\"><\/i><\/a>\n            <a href=\"https:\/\/www.instagram.com\/clinicasdime\/\"><i class=\"fa fa fa-instagram\"><\/i><\/a>\n            <a href=\"https:\/\/www.tiktok.com\/@clinicasdime\"><i class=\"fa fa fa-music\"><\/i><\/a>\n            <a href=\"mailto:info@clinicasdime.com\"><i class=\"fa fa fa-envelope-o\"><\/i><\/a>\n          <\/div>\n\n          <div class=\"desc\">\n            <p><\/p>\n          <\/div>\n\n          <div class=\"link\">\n            <a href=\"https:\/\/clinicasdime.com\/index.php\/profile\/jorge-castro\/\" data-colorset=\"white_section\" class=\"linkify btn btn-xs btn-default\">More<\/a>\n          <\/div>\n\n        <\/div>\n\n      <\/div>\n    <\/div>\n\n\n    <div class=\"col-sm-6 col-md-3\">\n      <div class=\"team_member teaser_box centered same_height_col white_section\">\n\n        <a href=\"https:\/\/clinicasdime.com\/index.php\/profile\/l-salome-moscoso-v\/\" style=\"background-image: url('https:\/\/clinicasdime.com\/wp-content\/uploads\/2023\/09\/CDime_Personal_Odontologos_DraMoscoso.png')\" data-colorset=\"white_section\" class=\"linkify figure stretchy_wrapper ratio_1-1\">\n          <img decoding=\"async\" src=\"https:\/\/clinicasdime.com\/wp-content\/uploads\/2023\/09\/CDime_Personal_Odontologos_DraMoscoso.png\" title=\"L. Salome Moscoso V.\" class=\"hide\" \/>\n        <\/a>\n\n\n        <div class=\"content boxed  with_button \">\n\n          <div class=\"hgroup\">\n            <h4>L. Salome Moscoso V.<\/h4>\n             <p>Endodoncia<\/p> \n          <\/div>\n\n          <div class=\"team_social\">\n            <a href=\"https:\/\/www.facebook.com\/clinicasdime\"><i class=\"fa fa fa-facebook-square\"><\/i><\/a>\n            <a href=\"https:\/\/www.linkedin.com\/company\/clinicasdime\"><i class=\"fa fa fa-linkedin-square\"><\/i><\/a>\n            <a href=\"https:\/\/www.instagram.com\/clinicasdime\/\"><i class=\"fa fa fa-instagram\"><\/i><\/a>\n            <a href=\"https:\/\/www.tiktok.com\/@clinicasdime\"><i class=\"fa fa fa-music\"><\/i><\/a>\n            <a href=\"mailto:info@clinicasdime.com\"><i class=\"fa fa fa-envelope-o\"><\/i><\/a>\n          <\/div>\n\n          <div class=\"desc\">\n            <p><\/p>\n          <\/div>\n\n          <div class=\"link\">\n            <a href=\"https:\/\/clinicasdime.com\/index.php\/profile\/l-salome-moscoso-v\/\" data-colorset=\"white_section\" class=\"linkify btn btn-xs btn-default\">More<\/a>\n          <\/div>\n\n        <\/div>\n\n      <\/div>\n    <\/div>\n\n\n    <div class=\"col-sm-6 col-md-3\">\n      <div class=\"team_member teaser_box centered same_height_col white_section\">\n\n        <a href=\"https:\/\/clinicasdime.com\/index.php\/profile\/patricio-i-echeverria-b\/\" style=\"background-image: url('https:\/\/clinicasdime.com\/wp-content\/uploads\/2023\/09\/CDime_Personal_Odontologos_DrEcheverria.png')\" data-colorset=\"white_section\" class=\"linkify figure stretchy_wrapper ratio_1-1\">\n          <img decoding=\"async\" src=\"https:\/\/clinicasdime.com\/wp-content\/uploads\/2023\/09\/CDime_Personal_Odontologos_DrEcheverria.png\" title=\"Patricio I. Echeverria B.\" class=\"hide\" \/>\n        <\/a>\n\n\n        <div class=\"content boxed  with_button \">\n\n          <div class=\"hgroup\">\n            <h4>Patricio I. Echeverria B.<\/h4>\n             <p>Ortodoncista y Ortopediatra<\/p> \n          <\/div>\n\n          <div class=\"team_social\">\n            <a href=\"https:\/\/www.facebook.com\/clinicasdime\"><i class=\"fa fa fa-facebook-square\"><\/i><\/a>\n            <a href=\"https:\/\/www.linkedin.com\/company\/clinicasdime\"><i class=\"fa fa fa-linkedin-square\"><\/i><\/a>\n            <a href=\"https:\/\/www.instagram.com\/clinicasdime\/\"><i class=\"fa fa fa-instagram\"><\/i><\/a>\n            <a href=\"https:\/\/www.tiktok.com\/@clinicasdime\"><i class=\"fa fa fa-music\"><\/i><\/a>\n            <a href=\"mailto:info@clinicasdime.com\"><i class=\"fa fa fa-envelope-o\"><\/i><\/a>\n          <\/div>\n\n          <div class=\"desc\">\n            <p><\/p>\n          <\/div>\n\n          <div class=\"link\">\n            <a href=\"https:\/\/clinicasdime.com\/index.php\/profile\/patricio-i-echeverria-b\/\" data-colorset=\"white_section\" class=\"linkify btn btn-xs btn-default\">More<\/a>\n          <\/div>\n\n        <\/div>\n\n      <\/div>\n    <\/div>\n\n\n<\/div>[vc_empty_space]<div class=\"plethora_button wpb_content_element   text-center \">\n    <a href=\"#\" debug class=\" btn btn-primary  \" title=\"\"  target=\"_self\">\n\n        \n        Visita Departmento\n        \n\n    <\/a>\n<\/div>[\/vc_column][\/vc_row][vc_row color_set=\u00bblight_section\u00bb full_width=\u00bb0&#8243; full_height=\u00bb0&#8243; sep_top=\u00bbseparator_top sep_angled_positive_top\u00bb particles=\u00bb0&#8243;][vc_column][vc_text_separator title=\u00bbDepartmento Medico\u00bb][vc_column_text]<\/p>\n<p style=\"text-align: center;\">Desde el diagn\u00f3stico y tratamiento de enfermedades hasta la promoci\u00f3n de la salud preventiva. Su importancia radica en su capacidad para mejorar la salud general y el bienestar de los pacientes,<\/p>\n<p>[\/vc_column_text]<div class=\"team_members_grid row\">\n\n\n<\/div>[vc_empty_space]<div class=\"plethora_button wpb_content_element   text-center \">\n    <a href=\"http:\/\/plethorathemes.com\/healthflex\/departments\/cosmetic-surgery\/\" debug class=\" btn btn-primary  \" title=\"\"  target=\"_self\">\n\n        \n        Visita Departmento\n        \n\n    <\/a>\n<\/div>[\/vc_column][\/vc_row][vc_row full_width=\u00bb0&#8243; full_height=\u00bb0&#8243; sep_top=\u00bbseparator_top sep_angled_positive_top\u00bb sep_bottom=\u00bbseparator_bottom sep_angled_positive_bottom\u00bb particles=\u00bb0&#8243;][vc_column][vc_text_separator title=\u00bbDepartamento de Cirugia\u00bb][vc_column_text]<\/p>\n<p style=\"text-align: center;\">El departamento de cirug\u00eda desempe\u00f1a un papel crucial al proporcionar procedimientos quir\u00fargicos especializados y esenciales tanto en el \u00e1mbito m\u00e9dico como odontol\u00f3gico. Garantiza la salud y el bienestar de los pacientes al abordar condiciones que requieren intervenci\u00f3n quir\u00fargica y al ofrecer soluciones a problemas de salud y est\u00e9ticos<\/p>\n<p>[\/vc_column_text]<div class=\"team_members_grid row\">\n\n\n<\/div>[vc_empty_space]<div class=\"plethora_button wpb_content_element   text-center \">\n    <a href=\"#\" debug class=\" btn btn-primary  \" title=\"\"  target=\"_self\">\n\n        \n        Visita Departmento\n        \n\n    <\/a>\n<\/div>[\/vc_column][\/vc_row][vc_row color_set=\u00bbskincolored_section\u00bb align=\u00bbtext-center\u00bb full_width=\u00bb0&#8243; full_height=\u00bb0&#8243; cols_valign=\u00bbvcenter\u00bb transparent_overlay=\u00bbtransparent_film\u00bb background=\u00bbbgimage\u00bb bgimage=\u00bb292&#8243; parallax=\u00bb0&#8243;][vc_column]<div class=\"section_header subtitle_bottom   fancy text-center\">\n\n    <h2 style=\"text-align: center;\">Confundido sobre los terminos medicos?<\/h2>\n\n\n        <p >Revisa nuestra libreria de la A a la Z<\/p>\n<\/div><div class=\"plethora_button wpb_content_element   text-center \">\n    <a href=\"#\" debug class=\" btn btn-success with-icon icon-left\" title=\"\"  target=\"_self\">\n\n         <i class=\"fa fa-check\"><\/i> \n        Visita nuestra Libreria!\n        \n\n    <\/a>\n<\/div>[\/vc_column][\/vc_row]<\/p>\n<\/section>","protected":false},"excerpt":{"rendered":"<p>[vc_row full_width=\u00bb0&#8243; full_height=\u00bb0&#8243; particles=\u00bb0&#8243;][vc_column][vc_empty_space][vc_text_separator title=\u00bbDepartamento de Odontologia\u00bb][vc_column_text] Desempe\u00f1a un papel crucial en la atenci\u00f3n m\u00e9dica integral, asegurando que los pacientes mantengan una buena salud oral y, por ende, una mejor calidad de vida en general. Su importancia radica en la prevenci\u00f3n, detecci\u00f3n temprana y tratamiento de problemas dentales, y su impacto positivo en la salud [&hellip;]<\/p>\n","protected":false},"author":1,"featured_media":1624,"parent":0,"menu_order":0,"comment_status":"closed","ping_status":"closed","template":"","meta":{"footnotes":""},"class_list":["post-589","page","type-page","status-publish","has-post-thumbnail","hentry"],"_links":{"self":[{"href":"https:\/\/clinicasdime.com\/index.php\/wp-json\/wp\/v2\/pages\/589","targetHints":{"allow":["GET"]}}],"collection":[{"href":"https:\/\/clinicasdime.com\/index.php\/wp-json\/wp\/v2\/pages"}],"about":[{"href":"https:\/\/clinicasdime.com\/index.php\/wp-json\/wp\/v2\/types\/page"}],"author":[{"embeddable":true,"href":"https:\/\/clinicasdime.com\/index.php\/wp-json\/wp\/v2\/users\/1"}],"replies":[{"embeddable":true,"href":"https:\/\/clinicasdime.com\/index.php\/wp-json\/wp\/v2\/comments?post=589"}],"version-history":[{"count":0,"href":"https:\/\/clinicasdime.com\/index.php\/wp-json\/wp\/v2\/pages\/589\/revisions"}],"wp:featuredmedia":[{"embeddable":true,"href":"https:\/\/clinicasdime.com\/index.php\/wp-json\/wp\/v2\/media\/1624"}],"wp:attachment":[{"href":"https:\/\/clinicasdime.com\/index.php\/wp-json\/wp\/v2\/media?parent=589"}],"curies":[{"name":"wp","href":"https:\/\/api.w.org\/{rel}","templated":true}]}}