{"id":564,"date":"2015-10-22T07:12:59","date_gmt":"2015-10-22T07:12:59","guid":{"rendered":"http:\/\/plethorathemes.com\/healthx\/?page_id=564"},"modified":"2024-04-01T08:50:43","modified_gmt":"2024-04-01T06:50:43","slug":"agendar-cita","status":"publish","type":"page","link":"https:\/\/clinicasdime.com\/index.php\/agendar-cita\/","title":{"rendered":"Agende una Cita"},"content":{"rendered":"<section class=\"wpb-content-wrapper\"><p>[vc_row full_width=\u00bb0&#8243; full_height=\u00bb0&#8243; row_padding=\u00bbno_padding\u00bb particles=\u00bb0&#8243;][vc_column width=\u00bb5\/12&#8243;][vc_empty_space height=\u00bb64px\u00bb]<p class=\"wpcf7-contact-form-not-found\"><strong>Error:<\/strong> Formulario de contacto no encontrado.<\/p>[\/vc_column][vc_column width=\u00bb1\/2&#8243; color_set=\u00bbwhite_section\u00bb boxed=\u00bbboxed_plus\u00bb margin=\u00bbmargin_bottom_grid\u00bb offset=\u00bbvc_col-sm-offset-1&#8243;][vc_empty_space height=\u00bb64px\u00bb][vc_single_image image=\u00bb1171&#8243; img_size=\u00bbfull\u00bb][vc_column_text]Para agendar una cita escr\u00edbenos o ll\u00e1manos al:<\/p>\n<p><strong>(+593) (0)9 92792620<\/strong><\/p>\n<p><strong>(+593) (0)9 78617006<\/strong><\/p>\n<p><strong><a href=\"mailto:info@clinicasdime.com\">info@clinicasdime.com<\/a><\/strong>[\/vc_column_text][vc_text_separator title=\u00bbPagos &amp; Seguros\u00bb title_align=\u00bbseparator_align_left\u00bb][vc_column_text]Para comodidad de nuestros clientes, <strong>Cl\u00ednicas DIME<\/strong> ofrece facturaci\u00f3n directa del seguro con los principales proveedores de seguros y compa\u00f1\u00edas de asistencia internacionales.[\/vc_column_text][vc_empty_space height=\u00bb64px\u00bb][\/vc_column][\/vc_row]<\/p>\n<\/section>","protected":false},"excerpt":{"rendered":"<p>[vc_row full_width=\u00bb0&#8243; full_height=\u00bb0&#8243; row_padding=\u00bbno_padding\u00bb particles=\u00bb0&#8243;][vc_column width=\u00bb5\/12&#8243;][vc_empty_space height=\u00bb64px\u00bb][\/vc_column][vc_column width=\u00bb1\/2&#8243; color_set=\u00bbwhite_section\u00bb boxed=\u00bbboxed_plus\u00bb margin=\u00bbmargin_bottom_grid\u00bb offset=\u00bbvc_col-sm-offset-1&#8243;][vc_empty_space height=\u00bb64px\u00bb][vc_single_image image=\u00bb1171&#8243; img_size=\u00bbfull\u00bb][vc_column_text]Para agendar una cita escr\u00edbenos o ll\u00e1manos al: (+593) (0)9 92792620 (+593) (0)9 78617006 info@clinicasdime.com[\/vc_column_text][vc_text_separator title=\u00bbPagos &amp; Seguros\u00bb title_align=\u00bbseparator_align_left\u00bb][vc_column_text]Para comodidad de nuestros clientes, Cl\u00ednicas DIME ofrece facturaci\u00f3n directa del seguro con los principales proveedores de seguros y compa\u00f1\u00edas de asistencia internacionales.[\/vc_column_text][vc_empty_space [&hellip;]<\/p>\n","protected":false},"author":1,"featured_media":1181,"parent":0,"menu_order":0,"comment_status":"closed","ping_status":"closed","template":"","meta":{"footnotes":""},"class_list":["post-564","page","type-page","status-publish","has-post-thumbnail","hentry"],"_links":{"self":[{"href":"https:\/\/clinicasdime.com\/index.php\/wp-json\/wp\/v2\/pages\/564","targetHints":{"allow":["GET"]}}],"collection":[{"href":"https:\/\/clinicasdime.com\/index.php\/wp-json\/wp\/v2\/pages"}],"about":[{"href":"https:\/\/clinicasdime.com\/index.php\/wp-json\/wp\/v2\/types\/page"}],"author":[{"embeddable":true,"href":"https:\/\/clinicasdime.com\/index.php\/wp-json\/wp\/v2\/users\/1"}],"replies":[{"embeddable":true,"href":"https:\/\/clinicasdime.com\/index.php\/wp-json\/wp\/v2\/comments?post=564"}],"version-history":[{"count":0,"href":"https:\/\/clinicasdime.com\/index.php\/wp-json\/wp\/v2\/pages\/564\/revisions"}],"wp:featuredmedia":[{"embeddable":true,"href":"https:\/\/clinicasdime.com\/index.php\/wp-json\/wp\/v2\/media\/1181"}],"wp:attachment":[{"href":"https:\/\/clinicasdime.com\/index.php\/wp-json\/wp\/v2\/media?parent=564"}],"curies":[{"name":"wp","href":"https:\/\/api.w.org\/{rel}","templated":true}]}}