{"id":561,"date":"2015-10-22T07:10:59","date_gmt":"2015-10-22T07:10:59","guid":{"rendered":"http:\/\/plethorathemes.com\/healthx\/?page_id=561"},"modified":"2024-04-04T06:52:02","modified_gmt":"2024-04-04T04:52:02","slug":"faq","status":"publish","type":"page","link":"https:\/\/clinicasdime.com\/index.php\/faq\/","title":{"rendered":"FAQ"},"content":{"rendered":"<section class=\"wpb-content-wrapper\"><p>[vc_row][vc_column margin=\u00bbmargin_bottom_grid\u00bb][vc_empty_space][vc_toggle title=\u00bbQue esperar en mi cita?\u00bb el_id=\u00bb1447064412741-3e356338-032d\u00bb]Cuando llegue a una de nuestras cl\u00ednicas, nuestro personal le recibir\u00e1 y le guiar\u00e1 a la sala de espera. Su especialista lo examinar\u00e1 lo m\u00e1s pronto posible.[\/vc_toggle][vc_toggle title=\u00bbQu\u00e9 pasa si soy un nuevo paciente?\u00bb el_id=\u00bb1447064451796-0645cbf1-8947&#8243;]Es posible que usted nos visite por su propia desici\u00f3n, haya sido remitido por otro especialista o por el Seguro M\u00e9dico. Discutiremos su problema y le preguntaremos sobre su historial m\u00e9dico. Luego seguir\u00e1 un examen exhaustivo. Podemos solicitar ex\u00e1menes y pruebas para ayudar y respaldar nuestro diagn\u00f3stico, en caso de ser necesario.<\/p>\n<p>Radiograf\u00edas, an\u00e1lisis de sangre y orina, ecograf\u00edas, resonancias magn\u00e9ticas y endoscopias se pueden realizar sin demora en nuestras cl\u00ednicas o con nuestros centros amigos. Si tiene ex\u00e1menes y pruebas anteriores relacionados con su condici\u00f3n actual, tr\u00e1igalos a la consulta. Tambi\u00e9n traiga copias de cartas de otros m\u00e9dicos o medicamentos recientes. Nos ayudar\u00e1 a ayudarte.<\/p>\n<p>Discutiremos con usted los resultados de sus ex\u00e1menes y le recomendaremos el tratamiento adecuado. Algunas condiciones pueden enfrentarse inmediatamente con un tratamiento conservador o quir\u00fargico.<\/p>\n<p>De lo contrario, dependiendo de los resultados de sus ex\u00e1menes, la naturaleza del problema m\u00e9dico y su plan de vacaciones, le daremos el alta de nuestra cl\u00ednica, le derivaremos a otro profesional de la salud o le programaremos para una cirug\u00eda. Si se requieren consultas de seguimiento o consultas adicionales, se lo indicaremos y el personal le informar\u00e1 la fecha y hora de su pr\u00f3xima cita.[\/vc_toggle][vc_toggle title=\u00bbExaminan ni\u00f1os en sus cl\u00ednicas\u00bb el_id=\u00bb1447064555113-315c72fb-176e\u00bb]Si.<\/p>\n<p>Pediatras u odontopediatras est\u00e1n disponibles para usted y su familia.[\/vc_toggle][vc_toggle title=\u00bbQue pasa si necesito una receta?\u00bb el_id=\u00bb1447065607650-fbb48814-35d7&#8243;]Podemos recetarle, por ejemplo, un tratamiento analg\u00e9sico para su afecci\u00f3n. H\u00e1ganos saber en caso de que tenga alguna alergia u otra afecci\u00f3n m\u00e9dica.<\/p>\n<p>Si ya ha estado tomando medicamentos recetados por su m\u00e9dico de cabecera, tr\u00e1igalos con usted para aclarar posibles interacciones entre medicamentos y correlaciones con la nueva afecci\u00f3n.[\/vc_toggle][vc_toggle title=\u00bbFacturas y seguros\u00bb el_id=\u00bb1447065636406-978b4ed0-e711&#8243;]<strong>\u00a0\u00bfAceptan mi seguro?<\/strong><\/p>\n<p>Nuestras Cl\u00ednicas\u00a0 aceptan la mayor\u00eda de las compa\u00f1\u00edas de Seguros.<\/p>\n<p>Si este no es su caso, o si no tiene cobertura de seguro, se espera que pague la factura en efectivo o con tarjeta de cr\u00e9dito al final de la consulta. El recibo original, la copia firmada de la factura de la tarjeta de cr\u00e9dito, el informe m\u00e9dico en espa\u00f1ol y los resultados de las pruebas realizadas se le entregan para que los entregue a su seguro privado o estatal para su reembolso.<\/p>\n<p>Una estimaci\u00f3n de los honorarios y costos de consulta, investigaciones o cirug\u00eda est\u00e1 disponible a pedido.<\/p>\n<p><strong>\u00bfNecesito referencia?<\/strong><\/p>\n<p>Si tiene un seguro privado con un afiliado, su compa\u00f1\u00eda de seguros puede enviarnos la referencia\u00a0 correo electr\u00f3nico. Le sugerimos que se comunique con su seguro para obtener esta referencia antes de su visita a nuestras oficinas.<\/p>\n<p>Si no tienes cobertura de seguro, no dudes en venir a nuestras cl\u00ednicas. El procedimiento de facturaci\u00f3n es el explicado anteriormente.[\/vc_toggle][\/vc_column][\/vc_row]<\/p>\n<\/section>","protected":false},"excerpt":{"rendered":"<p>[vc_row][vc_column margin=\u00bbmargin_bottom_grid\u00bb][vc_empty_space][vc_toggle title=\u00bbQue esperar en mi cita?\u00bb el_id=\u00bb1447064412741-3e356338-032d\u00bb]Cuando llegue a una de nuestras cl\u00ednicas, nuestro personal le recibir\u00e1 y le guiar\u00e1 a la sala de espera. Su especialista lo examinar\u00e1 lo m\u00e1s pronto posible.[\/vc_toggle][vc_toggle title=\u00bbQu\u00e9 pasa si soy un nuevo paciente?\u00bb el_id=\u00bb1447064451796-0645cbf1-8947&#8243;]Es posible que usted nos visite por su propia desici\u00f3n, haya sido remitido por [&hellip;]<\/p>\n","protected":false},"author":1,"featured_media":0,"parent":0,"menu_order":0,"comment_status":"closed","ping_status":"closed","template":"","meta":{"footnotes":""},"class_list":["post-561","page","type-page","status-publish","hentry"],"_links":{"self":[{"href":"https:\/\/clinicasdime.com\/index.php\/wp-json\/wp\/v2\/pages\/561","targetHints":{"allow":["GET"]}}],"collection":[{"href":"https:\/\/clinicasdime.com\/index.php\/wp-json\/wp\/v2\/pages"}],"about":[{"href":"https:\/\/clinicasdime.com\/index.php\/wp-json\/wp\/v2\/types\/page"}],"author":[{"embeddable":true,"href":"https:\/\/clinicasdime.com\/index.php\/wp-json\/wp\/v2\/users\/1"}],"replies":[{"embeddable":true,"href":"https:\/\/clinicasdime.com\/index.php\/wp-json\/wp\/v2\/comments?post=561"}],"version-history":[{"count":0,"href":"https:\/\/clinicasdime.com\/index.php\/wp-json\/wp\/v2\/pages\/561\/revisions"}],"wp:attachment":[{"href":"https:\/\/clinicasdime.com\/index.php\/wp-json\/wp\/v2\/media?parent=561"}],"curies":[{"name":"wp","href":"https:\/\/api.w.org\/{rel}","templated":true}]}}