{"id":536,"date":"2015-10-22T06:54:31","date_gmt":"2015-10-22T06:54:31","guid":{"rendered":"http:\/\/plethorathemes.com\/healthx\/?page_id=536"},"modified":"2023-09-03T04:51:23","modified_gmt":"2023-09-03T02:51:23","slug":"careers","status":"publish","type":"page","link":"https:\/\/clinicasdime.com\/index.php\/careers\/","title":{"rendered":"Trabaja con Nosotros"},"content":{"rendered":"<section class=\"wpb-content-wrapper\"><p>[vc_row full_width=\u00bb0&#8243; full_height=\u00bb0&#8243; sep_bottom=\u00bbseparator_bottom sep_angled_positive_bottom\u00bb particles=\u00bb0&#8243;][vc_column width=\u00bb1\/2&#8243; margin=\u00bbmargin_bottom_grid\u00bb offset=\u00bbvc_col-md-8&#8243;][vc_column_text]En Cl\u00ednicas DIME, creemos que la inversi\u00f3n en tecnolog\u00eda avanzada y la creaci\u00f3n de espacios acogedores son fundamentales para brindarte la atenci\u00f3n que te mereces. Nuestro compromiso con la innovaci\u00f3n y el confort nos impulsa a ser l\u00edderes en el campo de la atenci\u00f3n m\u00e9dica y dental en Ecuador. Te invitamos a visitarnos y experimentar la diferencia por ti mismo. Tu salud y bienestar son nuestra prioridad.<\/p>\n<p>&nbsp;<\/p>\n<p>En <strong>Cl\u00ednicas DIME<\/strong> trabajamos todos los d\u00edas para cumplir, e incluso superar, nuestro objetivo de convertirnos en el proveedor de atenci\u00f3n m\u00e9dica preferido. Nos dedicamos al m\u00e1s alto nivel de atenci\u00f3n al paciente. Cada d\u00eda trae nuevos descubrimientos y desaf\u00edos a medida que cumplimos nuestro compromiso de obrar maravillas para nuestros pacientes.<\/p>\n<p>&nbsp;<\/p>\n<p>Este compromiso con nuestros pacientes requiere otro compromiso: el de nuestros colaboradores. Nos enorgullece nuestro entorno de trabajo acogedor y de apoyo, as\u00ed como las oportunidades que ofrecemos para capacitaci\u00f3n y avance.<\/p>\n<p><strong>Como empleado en Cl\u00ednicas DIME, podr\u00e1s:<\/strong><\/p>\n<ul>\n<li>Conocer a personas incre\u00edbles e inspiradoras todos los d\u00edas.<\/li>\n<li>Desarrollar tu verdadero potencial.<\/li>\n<li>Mejorar tus habilidades existentes y descubrir nuevas.<\/li>\n<li>Encontrar significado en cada d\u00eda de trabajo.<\/li>\n<li>Regresar a casa despu\u00e9s de cada turno sintiendo que realmente has marcado la diferencia.<\/li>\n<\/ul>\n<p>Si deseas trabajar con nosotros por favor env\u00edanos tu hoja de vida al correo <a href=\"mailto:info@clinicasdime.com\">info@clinicasdime.com<\/a> con la observaci\u00f3n \u00abDepartamento de Recursos Humanos\u00bb y nos pondremos en contacto contigo si tenemos una posici\u00f3n disponible.[\/vc_column_text][\/vc_column][vc_column width=\u00bb1\/2&#8243; offset=\u00bbvc_col-md-4&#8243;][vc_text_separator title=\u00bbResources Allotment\u00bb title_align=\u00bbseparator_align_left\u00bb][vc_round_chart stroke_width=\u00bb2&#8243; values=\u00bb%5B%7B%22title%22%3A%22Admin%20Staff%22%2C%22value%22%3A%2220%22%2C%22color%22%3A%22green%22%7D%2C%7B%22title%22%3A%22Doctors%22%2C%22value%22%3A%2230%22%2C%22color%22%3A%22sky%22%7D%2C%7B%22title%22%3A%22Nurses%22%2C%22value%22%3A%2240%22%2C%22color%22%3A%22purple%22%2C%22custom_color%22%3A%22%23f7f7f7%22%7D%2C%7B%22title%22%3A%22IT%22%2C%22value%22%3A%2210%22%2C%22color%22%3A%22pink%22%2C%22custom_color%22%3A%22%23cec2ab%22%7D%5D\u00bb]<div class=\"plethora_button wpb_content_element   text-left btn_block\">\n    <a href=\"https:\/\/clinicasdime.com\/index.php\/personal\/\" debug class=\" btn btn-secondary  \" title=\"Nuestro Personal\"  target=\"_self\">\n\n        \n        Conoce nuestros Colaboradores\n        \n\n    <\/a>\n<\/div>[\/vc_column][\/vc_row][vc_row color_set=\u00bbsecondary_section\u00bb align=\u00bbtext-center\u00bb full_width=\u00bb0&#8243; full_height=\u00bb0&#8243; transparent_overlay=\u00bbtransparent_film\u00bb background=\u00bbbgimage\u00bb bgimage=\u00bb1194&#8243; parallax=\u00bb1&#8243;][vc_column]<div class=\"section_header subtitle_bottom   fancy text-center\">\n\n    <h2>Quieres trabajar con nosotros?<\/h2>\n\n\n        <p >Envianos tu hoja de vida con la copia de tu titulo y registro del ACCESS <\/p>\n<\/div><div class=\"plethora_button wpb_content_element   text-center \">\n    <a href=\"https:\/\/clinicasdime.com\/index.php\/contact\/\" debug class=\" btn btn-success with-icon icon-left\" title=\"Contact\"  target=\"_self\">\n\n         <i class=\"fa fa-file-text-o\"><\/i> \n        Env\u00eda tu hoja de vida\n        \n\n    <\/a>\n<\/div>[\/vc_column][\/vc_row]<\/p>\n<\/section>","protected":false},"excerpt":{"rendered":"<p>[vc_row full_width=\u00bb0&#8243; full_height=\u00bb0&#8243; sep_bottom=\u00bbseparator_bottom sep_angled_positive_bottom\u00bb particles=\u00bb0&#8243;][vc_column width=\u00bb1\/2&#8243; margin=\u00bbmargin_bottom_grid\u00bb offset=\u00bbvc_col-md-8&#8243;][vc_column_text]En Cl\u00ednicas DIME, creemos que la inversi\u00f3n en tecnolog\u00eda avanzada y la creaci\u00f3n de espacios acogedores son fundamentales para brindarte la atenci\u00f3n que te mereces. Nuestro compromiso con la innovaci\u00f3n y el confort nos impulsa a ser l\u00edderes en el campo de la atenci\u00f3n m\u00e9dica y dental [&hellip;]<\/p>\n","protected":false},"author":1,"featured_media":0,"parent":0,"menu_order":0,"comment_status":"closed","ping_status":"closed","template":"","meta":{"footnotes":""},"class_list":["post-536","page","type-page","status-publish","hentry"],"_links":{"self":[{"href":"https:\/\/clinicasdime.com\/index.php\/wp-json\/wp\/v2\/pages\/536","targetHints":{"allow":["GET"]}}],"collection":[{"href":"https:\/\/clinicasdime.com\/index.php\/wp-json\/wp\/v2\/pages"}],"about":[{"href":"https:\/\/clinicasdime.com\/index.php\/wp-json\/wp\/v2\/types\/page"}],"author":[{"embeddable":true,"href":"https:\/\/clinicasdime.com\/index.php\/wp-json\/wp\/v2\/users\/1"}],"replies":[{"embeddable":true,"href":"https:\/\/clinicasdime.com\/index.php\/wp-json\/wp\/v2\/comments?post=536"}],"version-history":[{"count":0,"href":"https:\/\/clinicasdime.com\/index.php\/wp-json\/wp\/v2\/pages\/536\/revisions"}],"wp:attachment":[{"href":"https:\/\/clinicasdime.com\/index.php\/wp-json\/wp\/v2\/media?parent=536"}],"curies":[{"name":"wp","href":"https:\/\/api.w.org\/{rel}","templated":true}]}}