{"id":532,"date":"2015-10-22T06:53:44","date_gmt":"2015-10-22T06:53:44","guid":{"rendered":"http:\/\/plethorathemes.com\/healthx\/?page_id=532"},"modified":"2024-04-04T06:06:05","modified_gmt":"2024-04-04T04:06:05","slug":"departments","status":"publish","type":"page","link":"https:\/\/clinicasdime.com\/index.php\/departments\/","title":{"rendered":"Departmentos"},"content":{"rendered":"<section class=\"wpb-content-wrapper\"><p>[vc_row full_width=\u00bb0&#8243; full_height=\u00bb0&#8243; row_padding=\u00bbno_padding\u00bb cols_valign=\u00bbvbottom\u00bb particles=\u00bb0&#8243;][vc_column width=\u00bb1\/2&#8243; color_set=\u00bbsecondary_section\u00bb background=\u00bbbgimage\u00bb bgimage=\u00bb1568&#8243; transparent_overlay=\u00bbtransparent_film\u00bb boxed=\u00bbboxed_plus\u00bb same_height_col=\u00bbsame_height_col\u00bb css=\u00bb.vc_custom_1475574607347{padding-top: 150px !important;padding-bottom: 150px !important;}\u00bb][\/vc_column][vc_column width=\u00bb1\/2&#8243; boxed=\u00bbboxed_plus\u00bb same_height_col=\u00bbsame_height_col\u00bb][vc_empty_space height=\u00bb64px\u00bb][vc_empty_space height=\u00bb64px\u00bb el_class=\u00bbhidden-xs\u00bb]<div class=\"section_header subtitle_bottom   vc_custom_1693710360045 fancy text-left\">\n\n    <h3>Departamento de Odontologia<\/h3>\n\n\n        <p >Los mejores especialistas para tu boca<\/p>\n<\/div>[vc_column_text]Desempe\u00f1a un papel crucial en la atenci\u00f3n m\u00e9dica integral, asegurando que los pacientes mantengan una buena salud oral y, por ende, una mejor calidad de vida en general. Su importancia radica en la prevenci\u00f3n, detecci\u00f3n temprana y tratamiento de problemas dentales, y su impacto positivo en la salud general de los pacientes[\/vc_column_text]<div class=\"plethora_button wpb_content_element   text-left \">\n    <a href=\"#\" debug class=\" btn btn-secondary  \" title=\"\"  target=\"_self\">\n\n        \n        Visita Departmento\n        \n\n    <\/a>\n<\/div>[vc_empty_space height=\u00bb64px\u00bb][\/vc_column][\/vc_row][vc_row color_set=\u00bbskincolored_section\u00bb full_width=\u00bb0&#8243; full_height=\u00bb0&#8243; row_padding=\u00bbno_padding\u00bb cols_padding=\u00bbno_cols_padding\u00bb particles=\u00bb0&#8243; el_class=\u00bbfolded_section\u00bb][vc_column width=\u00bb1\/4&#8243; color_set=\u00bbskincolored_section\u00bb background=\u00bbtransparent\u00bb boxed=\u00bbboxed\u00bb same_height_col=\u00bbsame_height_col\u00bb offset=\u00bbvc_col-xs-6&#8243; css=\u00bb.vc_custom_1448045388925{background-color: #088eff !important;}\u00bb][vc_single_image image=\u00bb2198&#8243; img_size=\u00bb80&#215;80&#8243; alignment=\u00bbcenter\u00bb style=\u00bbvc_box_circle\u00bb css=\u00bb.vc_custom_1712203355901{padding-top: 20px !important;padding-bottom: 10px !important;}\u00bb]<!-- ========================== TEASER BOX ==========================-->\n<div class=\"teaser_box wpb_content_element text-center  transparent      \">\n\n\n\n\n        \n\n\n\n\n\n  <div class=\"content text-center  \">\n    \n    <div class=\"hgroup\">\n       <h4 class=\"neutralize_links\">\n       Director Tecnico\n       <\/h4>\n       <p>Dr. Jorge Castro<\/p> \n    <\/div>\n\n    \n\n\n  <\/div>\n\n<\/div>\n\n<!-- END======================= TEASER BOX ==========================-->[\/vc_column][vc_column width=\u00bb1\/4&#8243; color_set=\u00bbskincolored_section\u00bb background=\u00bbtransparent\u00bb boxed=\u00bbboxed\u00bb same_height_col=\u00bbsame_height_col\u00bb offset=\u00bbvc_col-xs-6&#8243; css=\u00bb.vc_custom_1448096043985{background-color: #269cff !important;}\u00bb]<!-- ========================== TEASER BOX ==========================-->\n<div class=\"teaser_box wpb_content_element text-center        \">\n\n\n  <div class=\"figure \">\n\n\n        \n\n        \n\n        <i class=\"wmi icon-i-dental\"><\/i>\n\n\n\n\n  <\/div>\n\n\n  <div class=\"content text-center  \">\n    \n    <div class=\"hgroup\">\n       <h4 class=\"neutralize_links\">\n       Departamento de Odontolog\u00eda\n       <\/h4>\n       <p>Clinicas Republica, Magdalena, Kenzen<\/p> \n    <\/div>\n\n    \n\n\n  <\/div>\n\n<\/div>\n\n<!-- END======================= TEASER BOX ==========================-->[\/vc_column][vc_column width=\u00bb1\/4&#8243; color_set=\u00bbskincolored_section\u00bb boxed=\u00bbboxed\u00bb same_height_col=\u00bbsame_height_col\u00bb offset=\u00bbvc_col-xs-6&#8243; css=\u00bb.vc_custom_1448045422740{background-color: #45aaff !important;}\u00bb]<!-- ========================== TEASER BOX ==========================-->\n<div class=\"teaser_box wpb_content_element text-center        \">\n\n\n  <div class=\"figure \">\n\n      <a href=\"http:\/\/plethorathemes.com\/healthflex\/departments\/cosmetic-surgery\/\" debug title=\"\" target=\"\"> \n\n        \n\n        \n\n        <i class=\"wmi icon-i-family-practice\"><\/i>\n\n\n    <\/a>\n\n\n  <\/div>\n\n\n  <div class=\"content text-center  \">\n    \n    <div class=\"hgroup\">\n       <h4 class=\"neutralize_links\">\n       Cita de Diagnostico\n       <\/h4>\n       <p>Enterate de como se encuentra tu salud medica y\/o bucal<\/p> \n    <\/div>\n\n    \n\n\n  <\/div>\n\n<\/div>\n\n<!-- END======================= TEASER BOX ==========================-->[\/vc_column][vc_column width=\u00bb1\/4&#8243; color_set=\u00bbskincolored_section\u00bb background=\u00bbtransparent\u00bb boxed=\u00bbboxed\u00bb same_height_col=\u00bbsame_height_col\u00bb offset=\u00bbvc_col-xs-6&#8243; css=\u00bb.vc_custom_1448045433542{background-color: #64b8ff !important;}\u00bb]<!-- ========================== TEASER BOX ==========================-->\n<div class=\"teaser_box wpb_content_element text-center        \">\n\n\n  <div class=\"figure \">\n\n\n        \n\n        \n\n        <i class=\"fa fa-graduation-cap\"><\/i>\n\n\n\n\n  <\/div>\n\n\n  <div class=\"content text-center  \">\n    \n    <div class=\"hgroup\">\n       <h4 class=\"neutralize_links\">\n       Los Mejores Especialistas\n       <\/h4>\n       <p>Con titulos de especialidad de cuarto nivel!! No usamos insumos chinos!!<\/p> \n    <\/div>\n\n    \n\n\n  <\/div>\n\n<\/div>\n\n<!-- END======================= TEASER BOX ==========================-->[\/vc_column][\/vc_row][vc_row full_width=\u00bb0&#8243; full_height=\u00bb0&#8243; row_padding=\u00bbno_padding\u00bb particles=\u00bb0&#8243;][vc_column width=\u00bb1\/2&#8243; color_set=\u00bbsecondary_section\u00bb background=\u00bbbgimage\u00bb bgimage=\u00bb447&#8243; transparent_overlay=\u00bbtransparent_film\u00bb boxed=\u00bbboxed_plus\u00bb same_height_col=\u00bbsame_height_col\u00bb css=\u00bb.vc_custom_1475574629907{padding-top: 150px !important;padding-bottom: 150px !important;}\u00bb][\/vc_column][vc_column width=\u00bb1\/2&#8243; boxed=\u00bbboxed_plus\u00bb same_height_col=\u00bbsame_height_col\u00bb][vc_empty_space height=\u00bb64px\u00bb][vc_empty_space height=\u00bb64px\u00bb el_class=\u00bbhidden-xs\u00bb]<div class=\"section_header subtitle_bottom   vc_custom_1693710476819 fancy text-left\">\n\n    <h3>Departamento de Cirugia<\/h3>\n\n\n        <p >Los mejores cirujanos a tu servicio<\/p>\n<\/div>[vc_column_text]El departamento de cirug\u00eda desempe\u00f1a un papel crucial al proporcionar procedimientos quir\u00fargicos especializados y esenciales tanto en el \u00e1mbito m\u00e9dico como odontol\u00f3gico. Garantiza la salud y el bienestar de los pacientes al abordar condiciones que requieren intervenci\u00f3n quir\u00fargica y al ofrecer soluciones a problemas de salud y est\u00e9ticos[\/vc_column_text]<div class=\"plethora_button wpb_content_element   text-left \">\n    <a href=\"#\" debug class=\" btn btn-secondary  \" title=\"\"  target=\"_self\">\n\n        \n        Visita Departmento\n        \n\n    <\/a>\n<\/div>[vc_empty_space height=\u00bb64px\u00bb][\/vc_column][\/vc_row][vc_row color_set=\u00bbskincolored_section\u00bb full_width=\u00bb0&#8243; full_height=\u00bb0&#8243; row_padding=\u00bbno_padding\u00bb cols_padding=\u00bbno_cols_padding\u00bb particles=\u00bb0&#8243; el_class=\u00bbfolded_section\u00bb][vc_column width=\u00bb1\/4&#8243; color_set=\u00bbskincolored_section\u00bb background=\u00bbtransparent\u00bb offset=\u00bbvc_col-xs-6&#8243; css=\u00bb.vc_custom_1446619389066{background-color: #088eff !important;}\u00bb]<!-- ========================== TEASER BOX ==========================-->\n<div class=\"teaser_box wpb_content_element text-center  transparent boxed same_height_col  with_button    \">\n\n  <div class=\"figure transparent\">\n\n\n      <a href=\"http:\/\/plethorathemes.com\/healthflex\/departments\/\" debug title=\"\" target=\"\"> \n\n        \n        \n        \n         <img decoding=\"async\" src=\"https:\/\/clinicasdime.com\/wp-content\/uploads\/2015\/09\/icon_tree_white.png\" alt=\"Departmentos\">   \n\n        \n\n    <\/a>\n\n  <\/div>\n\n\n\n  <div class=\"content text-center   with_button \">\n    \n    <div class=\"hgroup\">\n       <h4 class=\"neutralize_links\">\n       Departmentos\n       <\/h4>\n       <p>La columna vertebral de nuestra cl\u00ednica<\/p> \n    <\/div>\n\n    \n\n    <div class=\"link centered\">\n        <a href=\"http:\/\/plethorathemes.com\/healthflex\/departments\/\"  target=\"\" class=\"btn btn-xs btn-secondary\"><strong>More<\/strong><\/a>\n    <\/div>\n\n  <\/div>\n\n<\/div>\n\n<!-- END======================= TEASER BOX ==========================-->[\/vc_column][vc_column width=\u00bb1\/4&#8243; color_set=\u00bbskincolored_section\u00bb background=\u00bbtransparent\u00bb offset=\u00bbvc_col-xs-6&#8243; css=\u00bb.vc_custom_1447875610924{background-color: #269cff !important;}\u00bb]<!-- ========================== TEASER BOX ==========================-->\n<div class=\"teaser_box wpb_content_element text-center  transparent boxed same_height_col  with_button    \">\n\n  <div class=\"figure transparent\">\n\n\n      <a href=\"http:\/\/plethorathemes.com\/healthflex\/services\/\" debug title=\"\" target=\"\"> \n\n        \n        \n        \n         <img decoding=\"async\" src=\"https:\/\/clinicasdime.com\/wp-content\/uploads\/2015\/09\/icon_med_book_white.png\" alt=\"Servicios Medicos\">   \n\n        \n\n    <\/a>\n\n  <\/div>\n\n\n\n  <div class=\"content text-center   with_button \">\n    \n    <div class=\"hgroup\">\n       <h4 class=\"neutralize_links\">\n       Servicios Medicos\n       <\/h4>\n       <p>Enterate de los tratamientos y servicios que tenemos a tu disposicion<\/p> \n    <\/div>\n\n    \n\n    <div class=\"link centered\">\n        <a href=\"http:\/\/plethorathemes.com\/healthflex\/services\/\"  target=\"\" class=\"btn btn-xs btn-secondary\"><strong>More<\/strong><\/a>\n    <\/div>\n\n  <\/div>\n\n<\/div>\n\n<!-- END======================= TEASER BOX ==========================-->[\/vc_column][vc_column width=\u00bb1\/4&#8243; color_set=\u00bbskincolored_section\u00bb offset=\u00bbvc_col-xs-6&#8243; css=\u00bb.vc_custom_1447875785935{background-color: #45aaff !important;}\u00bb]<!-- ========================== TEASER BOX ==========================-->\n<div class=\"teaser_box wpb_content_element text-center  transparent boxed same_height_col  with_button    \">\n\n  <div class=\"figure transparent\">\n\n\n      <a href=\"http:\/\/plethorathemes.com\/healthflex\/our-staff\/\" debug title=\"\" target=\"\"> \n\n        \n        \n        \n         <img decoding=\"async\" src=\"https:\/\/clinicasdime.com\/wp-content\/uploads\/2015\/09\/icon_doctor1.png\" alt=\"Busca tu doctor\">   \n\n        \n\n    <\/a>\n\n  <\/div>\n\n\n\n  <div class=\"content text-center   with_button \">\n    \n    <div class=\"hgroup\">\n       <h4 class=\"neutralize_links\">\n       Busca tu doctor\n       <\/h4>\n       <p>Todos nuestros colaboradores por departamento<\/p> \n    <\/div>\n\n    \n\n    <div class=\"link centered\">\n        <a href=\"http:\/\/plethorathemes.com\/healthflex\/our-staff\/\"  target=\"\" class=\"btn btn-xs btn-secondary\"><strong>More<\/strong><\/a>\n    <\/div>\n\n  <\/div>\n\n<\/div>\n\n<!-- END======================= TEASER BOX ==========================-->[\/vc_column][vc_column width=\u00bb1\/4&#8243; color_set=\u00bbskincolored_section\u00bb background=\u00bbtransparent\u00bb offset=\u00bbvc_col-xs-6&#8243; css=\u00bb.vc_custom_1447875797423{background-color: #64b8ff !important;}\u00bb]<!-- ========================== TEASER BOX ==========================-->\n<div class=\"teaser_box wpb_content_element text-center  transparent boxed same_height_col  with_button    \">\n\n  <div class=\"figure transparent\">\n\n\n      <a href=\"http:\/\/plethorathemes.com\/healthflex\/appointment-booking\/\" debug title=\"\" target=\"\"> \n\n        \n        \n        \n         <img decoding=\"async\" src=\"https:\/\/clinicasdime.com\/wp-content\/uploads\/2015\/09\/icon_help_desk1.png\" alt=\"Agenda una cita\">   \n\n        \n\n    <\/a>\n\n  <\/div>\n\n\n\n  <div class=\"content text-center   with_button \">\n    \n    <div class=\"hgroup\">\n       <h4 class=\"neutralize_links\">\n       Agenda una cita\n       <\/h4>\n       <p>Ll\u00e1manos o escr\u00edbenos y con gusto agendamos una cita para ti<\/p> \n    <\/div>\n\n    \n\n    <div class=\"link centered\">\n        <a href=\"http:\/\/plethorathemes.com\/healthflex\/appointment-booking\/\"  target=\"\" class=\"btn btn-xs btn-secondary\"><strong>More<\/strong><\/a>\n    <\/div>\n\n  <\/div>\n\n<\/div>\n\n<!-- END======================= TEASER BOX ==========================-->[\/vc_column][\/vc_row][vc_row full_width=\u00bb0&#8243; full_height=\u00bb0&#8243; row_padding=\u00bbno_padding\u00bb particles=\u00bb0&#8243;][vc_column width=\u00bb1\/2&#8243; color_set=\u00bbdark_section\u00bb background=\u00bbbgimage\u00bb bgimage=\u00bb1220&#8243; transparent_overlay=\u00bbtransparent_film\u00bb boxed=\u00bbboxed_plus\u00bb same_height_col=\u00bbsame_height_col\u00bb css=\u00bb.vc_custom_1475574641987{padding-top: 150px !important;padding-bottom: 150px !important;}\u00bb][\/vc_column][vc_column width=\u00bb1\/2&#8243; boxed=\u00bbboxed_plus\u00bb same_height_col=\u00bbsame_height_col\u00bb][vc_empty_space height=\u00bb64px\u00bb][vc_empty_space height=\u00bb64px\u00bb el_class=\u00bbhidden-xs\u00bb]<div class=\"section_header subtitle_bottom   vc_custom_1693710681273 fancy text-left\">\n\n    <h3>Departamento Medico<\/h3>\n\n\n        <p >Los mejores Especialistas a tu alcance<\/p>\n<\/div>[vc_column_text]Desde el diagn\u00f3stico y tratamiento de enfermedades hasta la promoci\u00f3n de la salud preventiva. Su importancia radica en su capacidad para mejorar la salud general y el bienestar de los pacientes[\/vc_column_text]<div class=\"plethora_button wpb_content_element   text-left \">\n    <a href=\"#\" debug class=\" btn btn-secondary  \" title=\"\"  target=\"_self\">\n\n        \n        Visita Departmento\n        \n\n    <\/a>\n<\/div>[vc_empty_space height=\u00bb64px\u00bb][\/vc_column][\/vc_row]<\/p>\n<\/section>","protected":false},"excerpt":{"rendered":"<p>[vc_row full_width=\u00bb0&#8243; full_height=\u00bb0&#8243; row_padding=\u00bbno_padding\u00bb cols_valign=\u00bbvbottom\u00bb particles=\u00bb0&#8243;][vc_column width=\u00bb1\/2&#8243; color_set=\u00bbsecondary_section\u00bb background=\u00bbbgimage\u00bb bgimage=\u00bb1568&#8243; transparent_overlay=\u00bbtransparent_film\u00bb boxed=\u00bbboxed_plus\u00bb same_height_col=\u00bbsame_height_col\u00bb css=\u00bb.vc_custom_1475574607347{padding-top: 150px !important;padding-bottom: 150px !important;}\u00bb][\/vc_column][vc_column width=\u00bb1\/2&#8243; boxed=\u00bbboxed_plus\u00bb same_height_col=\u00bbsame_height_col\u00bb][vc_empty_space height=\u00bb64px\u00bb][vc_empty_space height=\u00bb64px\u00bb el_class=\u00bbhidden-xs\u00bb][vc_column_text]Desempe\u00f1a un papel crucial en la atenci\u00f3n m\u00e9dica integral, asegurando que los pacientes mantengan una buena salud oral y, por ende, una mejor calidad de vida en general. Su importancia radica en [&hellip;]<\/p>\n","protected":false},"author":1,"featured_media":1184,"parent":0,"menu_order":0,"comment_status":"closed","ping_status":"closed","template":"","meta":{"footnotes":""},"class_list":["post-532","page","type-page","status-publish","has-post-thumbnail","hentry"],"_links":{"self":[{"href":"https:\/\/clinicasdime.com\/index.php\/wp-json\/wp\/v2\/pages\/532","targetHints":{"allow":["GET"]}}],"collection":[{"href":"https:\/\/clinicasdime.com\/index.php\/wp-json\/wp\/v2\/pages"}],"about":[{"href":"https:\/\/clinicasdime.com\/index.php\/wp-json\/wp\/v2\/types\/page"}],"author":[{"embeddable":true,"href":"https:\/\/clinicasdime.com\/index.php\/wp-json\/wp\/v2\/users\/1"}],"replies":[{"embeddable":true,"href":"https:\/\/clinicasdime.com\/index.php\/wp-json\/wp\/v2\/comments?post=532"}],"version-history":[{"count":0,"href":"https:\/\/clinicasdime.com\/index.php\/wp-json\/wp\/v2\/pages\/532\/revisions"}],"wp:featuredmedia":[{"embeddable":true,"href":"https:\/\/clinicasdime.com\/index.php\/wp-json\/wp\/v2\/media\/1184"}],"wp:attachment":[{"href":"https:\/\/clinicasdime.com\/index.php\/wp-json\/wp\/v2\/media?parent=532"}],"curies":[{"name":"wp","href":"https:\/\/api.w.org\/{rel}","templated":true}]}}