{"id":166,"date":"2015-09-28T17:04:12","date_gmt":"2015-09-28T17:04:12","guid":{"rendered":"http:\/\/plethorathemes.com\/healthx\/?page_id=166"},"modified":"2023-09-03T05:00:12","modified_gmt":"2023-09-03T03:00:12","slug":"nosotros","status":"publish","type":"page","link":"https:\/\/clinicasdime.com\/index.php\/nosotros\/","title":{"rendered":"Sobre Nosotros"},"content":{"rendered":"<section class=\"wpb-content-wrapper\"><p>[vc_row full_width=\u00bb0&#8243; full_height=\u00bb0&#8243; particles=\u00bb0&#8243;][vc_column margin=\u00bbmargin_bottom_grid\u00bb offset=\u00bbvc_col-md-6&#8243;][vc_column_text]Nuestro equipo de expertos altamente cualificados, con estudios de cuarto nivel, se esfuerza por brindar el mejor servicio posible. Su experiencia y dedicaci\u00f3n garantizan soluciones de calidad excepcional para ti!![\/vc_column_text][vc_text_separator title=\u00bbNuestra Visi\u00f3n \u00bb title_align=\u00bbseparator_align_left\u00bb][vc_column_text]En Cl\u00ednicas DIME nuestra visi\u00f3n es ser la cl\u00ednica de referencia en Ecuador, donde nuestros pacientes siempre son la prioridad. Nos comprometemos a proporcionar atenci\u00f3n m\u00e9dica excepcional, mejorando la salud y el bienestar de quienes conf\u00edan en nosotros. Adem\u00e1s, tenemos un firme compromiso con la ayuda social, trabajando para hacer que la atenci\u00f3n m\u00e9dica sea accesible para todos.<\/p>\n<p>Nos esforzamos por ser los mejores en lo que hacemos, reuniendo a los especialistas m\u00e1s talentosos y dedicados. Nuestra expansi\u00f3n a trav\u00e9s de m\u00faltiples ubicaciones en Ecuador nos permite servir a comunidades de todo el pa\u00eds, brindando atenci\u00f3n m\u00e9dica de calidad en diversas especialidades. Creemos que al poner a nuestros pacientes en el centro de todo lo que hacemos, podemos marcar una diferencia significativa en sus vidas y contribuir positivamente a la salud de nuestra naci\u00f3n.[\/vc_column_text][\/vc_column][vc_column offset=\u00bbvc_col-md-6&#8243;][vc_video link=\u00bbhttp:\/\/vimeo.com\/67157062&#8243;][\/vc_column][vc_column][vc_empty_space][\/vc_column][vc_column align=\u00bbtext-left\u00bb color_set=\u00bbwhite_section\u00bb][vc_empty_space][vc_column_text el_class=\u00bbtext-center\u00bb]<img loading=\"lazy\" decoding=\"async\" class=\"alignnone size-medium wp-image-2144\" src=\"https:\/\/clinicasdime.com\/wp-content\/uploads\/2023\/09\/1-1-300x120.png\" alt=\"\" width=\"300\" height=\"120\" srcset=\"https:\/\/clinicasdime.com\/wp-content\/uploads\/2023\/09\/1-1-300x120.png 300w, https:\/\/clinicasdime.com\/wp-content\/uploads\/2023\/09\/1-1.png 500w\" sizes=\"auto, (max-width: 300px) 100vw, 300px\" \/>[\/vc_column_text][vc_empty_space height=\u00bb0px\u00bb][\/vc_column][\/vc_row][vc_row color_set=\u00bblight_section\u00bb full_width=\u00bb0&#8243; full_height=\u00bb0&#8243; sep_bottom=\u00bbseparator_bottom sep_angled_positive_bottom\u00bb particles=\u00bb0&#8243; el_id=\u00bbfacilities\u00bb][vc_column align=\u00bbtext-center\u00bb]<div class=\"section_header subtitle_bottom   fancy text-left\">\n\n    <h2 style=\"text-align: left;\">Instalaciones<\/h2>\n\n\n        <p >Constantemente invertimos en equipos innovadores<\/p>\n<\/div>[\/vc_column][vc_column margin=\u00bbmargin_bottom_grid\u00bb offset=\u00bbvc_col-md-6&#8243;]<div class=\"pl_fixed_ratio_media  \">\n    <div class=\"stretchy_wrapper ratio_16-9   bg_vcenter\" style=\"background-image: url('https:\/\/clinicasdime.com\/wp-content\/uploads\/2013\/06\/health_clinic_outside.jpg');\">\n      <img decoding=\"async\" alt=\"\" src=\"https:\/\/clinicasdime.com\/wp-content\/uploads\/2013\/06\/health_clinic_outside.jpg\">\n    <\/div>\n\n<\/div>[\/vc_column][vc_column offset=\u00bbvc_col-md-6&#8243;][vc_column_text]<strong>Descubre Nuestras Instalaciones de Vanguardia y Equipos Innovadores<\/strong><\/p>\n<p>En Cl\u00ednicas DIME, nos enorgullece ofrecer instalaciones de primer nivel que reflejan nuestro compromiso con la excelencia en la atenci\u00f3n m\u00e9dica. Cada rinc\u00f3n de nuestras modernas instalaciones ha sido dise\u00f1ado pensando en tu comodidad y bienestar.<\/p>\n<p><strong>Equipos Innovadores:<\/strong><\/p>\n<p>Nuestro compromiso con la vanguardia se refleja en la inversi\u00f3n constante en equipos de \u00faltima generaci\u00f3n. Utilizamos tecnolog\u00eda de punta en todos nuestros departamentos m\u00e9dicos y odontol\u00f3gicos. Desde diagn\u00f3sticos precisos hasta tratamientos avanzados, estamos a la vanguardia de la atenci\u00f3n m\u00e9dica y dental.<\/p>\n<p><strong>Tecnolog\u00eda Dental Avanzada:<\/strong> Nuestra cl\u00ednica dental est\u00e1 equipada con tecnolog\u00eda de vanguardia, como esc\u00e1neres intraorales y sistemas de radiograf\u00eda digital, que mejoran la precisi\u00f3n y comodidad en los tratamientos dentales.<\/p>\n<p><strong>Tu Comodidad Nos Importa:<\/strong> Sabemos que la comodidad del paciente es esencial. Nuestras instalaciones est\u00e1n dise\u00f1adas para que te sientas relajado y en un entorno agradable durante tu visita.<\/p>\n<p>En Cl\u00ednicas DIME, creemos que la inversi\u00f3n en tecnolog\u00eda avanzada y la creaci\u00f3n de espacios acogedores son fundamentales para brindarte la atenci\u00f3n que te mereces. Nuestro compromiso con la innovaci\u00f3n y el confort nos impulsa a ser l\u00edderes en el campo de la atenci\u00f3n m\u00e9dica y dental en Ecuador. Te invitamos a visitarnos y experimentar la diferencia por ti mismo. Tu salud y bienestar son nuestra prioridad.[\/vc_column_text][\/vc_column][vc_column][vc_empty_space][vc_media_grid gap=\u00bb10&#8243; grid_id=\u00bbvc_gid:1693705765921-67c60ed4-03fd-6&#8243; include=\u00bb1179,1180,1181,1182,1183,1184&#8243;][\/vc_column][\/vc_row][vc_row color_set=\u00bbsecondary_section\u00bb full_width=\u00bb0&#8243; full_height=\u00bb0&#8243; cols_valign=\u00bbvcenter\u00bb transparent_overlay=\u00bbtransparent_film\u00bb background=\u00bbbgimage\u00bb bgimage=\u00bb1191&#8243; parallax=\u00bb0&#8243;][vc_column]<div class=\"section_header subtitle_bottom   fancy text-center\">\n\n    <h2 style=\"text-align: center;\"><strong>Prometimos cuidarte&#8230; y cumplimos!!!<\/strong><\/h2>\n\n\n        <p >Lo que dicen nuestros pacientes:<\/p>\n<\/div>[\/vc_column][vc_column offset=\u00bbvc_col-md-2&#8243;][\/vc_column][vc_column align=\u00bbtext-center\u00bb offset=\u00bbvc_col-md-8&#8243;]<!-- ========================== TESTIMONIALS ==========================-->\n\n    <div class=\"testimonial testimonial-slider  \">\n      <ul class=\"slides\" id=\"69e15aea4a28e\">\n          <li>\n\t\t\t   Medicus Healthcare Services provided great patient care as well as customer service for my child. Their caregivers really cared about my child's well-being and displayed it on a daily basis.\n\t\t\t<div class=\"name\">\n\t          \t<strong>Mary Rose<\/strong> \n\t          \tTreated for 2 weeks\n          \t<\/div>\n\n          <\/li>\n          <li>\n\t\t\t   We focus on using the latest web standards and practices regarding UX guidelines and WordPress theme development and strongly encourage our customers to follow us on this.\n\t\t\t<div class=\"name\">\n\t          \t<strong>Lilian Jones<\/strong> \n\t          \tVisitor\n          \t<\/div>\n\n          <\/li>\n          <li>\n\t\t\t   Our team strives to achieve excellence in every aspect of the production process, from the preliminary hand-drawn sketches to the aftersales support.\n\t\t\t<div class=\"name\">\n\t          \t<strong>Lemon Trevor<\/strong> \n\t          \tX Patient\n          \t<\/div>\n\n          <\/li>\n      <\/ul>\n    <\/div>\n\n<!-- END======================= TESTIMONIALS ==========================-->[\/vc_column][vc_column offset=\u00bbvc_col-md-2&#8243;][\/vc_column][\/vc_row]<\/p>\n<\/section>","protected":false},"excerpt":{"rendered":"<p>[vc_row full_width=\u00bb0&#8243; full_height=\u00bb0&#8243; particles=\u00bb0&#8243;][vc_column margin=\u00bbmargin_bottom_grid\u00bb offset=\u00bbvc_col-md-6&#8243;][vc_column_text]Nuestro equipo de expertos altamente cualificados, con estudios de cuarto nivel, se esfuerza por brindar el mejor servicio posible. Su experiencia y dedicaci\u00f3n garantizan soluciones de calidad excepcional para ti!![\/vc_column_text][vc_text_separator title=\u00bbNuestra Visi\u00f3n \u00bb title_align=\u00bbseparator_align_left\u00bb][vc_column_text]En Cl\u00ednicas DIME nuestra visi\u00f3n es ser la cl\u00ednica de referencia en Ecuador, donde nuestros pacientes siempre [&hellip;]<\/p>\n","protected":false},"author":1,"featured_media":168,"parent":0,"menu_order":0,"comment_status":"closed","ping_status":"closed","template":"","meta":{"footnotes":""},"class_list":["post-166","page","type-page","status-publish","has-post-thumbnail","hentry"],"_links":{"self":[{"href":"https:\/\/clinicasdime.com\/index.php\/wp-json\/wp\/v2\/pages\/166","targetHints":{"allow":["GET"]}}],"collection":[{"href":"https:\/\/clinicasdime.com\/index.php\/wp-json\/wp\/v2\/pages"}],"about":[{"href":"https:\/\/clinicasdime.com\/index.php\/wp-json\/wp\/v2\/types\/page"}],"author":[{"embeddable":true,"href":"https:\/\/clinicasdime.com\/index.php\/wp-json\/wp\/v2\/users\/1"}],"replies":[{"embeddable":true,"href":"https:\/\/clinicasdime.com\/index.php\/wp-json\/wp\/v2\/comments?post=166"}],"version-history":[{"count":0,"href":"https:\/\/clinicasdime.com\/index.php\/wp-json\/wp\/v2\/pages\/166\/revisions"}],"wp:featuredmedia":[{"embeddable":true,"href":"https:\/\/clinicasdime.com\/index.php\/wp-json\/wp\/v2\/media\/168"}],"wp:attachment":[{"href":"https:\/\/clinicasdime.com\/index.php\/wp-json\/wp\/v2\/media?parent=166"}],"curies":[{"name":"wp","href":"https:\/\/api.w.org\/{rel}","templated":true}]}}