{"id":145,"date":"2015-09-28T16:00:31","date_gmt":"2015-09-28T16:00:31","guid":{"rendered":"http:\/\/plethorathemes.com\/healthx\/?page_id=145"},"modified":"2024-12-16T02:06:27","modified_gmt":"2024-12-16T01:06:27","slug":"home","status":"publish","type":"page","link":"https:\/\/clinicasdime.com\/","title":{"rendered":"Inicio"},"content":{"rendered":"<section class=\"wpb-content-wrapper\"><p>[vc_row full_width=\u00bb0&#8243; full_height=\u00bb0&#8243; row_padding=\u00bbno_padding\u00bb cols_padding=\u00bbno_cols_padding\u00bb elevate=\u00bbelevate\u00bb background=\u00bbtransparent\u00bb el_class=\u00bbfolded_section\u00bb][vc_column width=\u00bb1\/4&#8243; color_set=\u00bbskincolored_section\u00bb background=\u00bbtransparent\u00bb offset=\u00bbvc_col-xs-6&#8243; css=\u00bb.vc_custom_1446619389066{background-color: #088eff !important;}\u00bb]<!-- ========================== TEASER BOX ==========================-->\n<div class=\"teaser_box wpb_content_element text-center  transparent boxed same_height_col  with_button    \">\n\n  <div class=\"figure transparent\">\n\n\n      <a href=\"https:\/\/clinicasdime.com\/index.php\/departments\/\" debug title=\"Departmentos\" target=\"\"> \n\n        \n        \n        \n         <img decoding=\"async\" src=\"https:\/\/clinicasdime.com\/wp-content\/uploads\/2015\/09\/icon_tree_white.png\" alt=\"Departamentos\">   \n\n        \n\n    <\/a>\n\n  <\/div>\n\n\n\n  <div class=\"content text-center   with_button \">\n    \n    <div class=\"hgroup\">\n       <h4 class=\"neutralize_links\">\n       Departamentos\n       <\/h4>\n       <p>La columna vertebral de nuestra cl\u00ednica<\/p> \n    <\/div>\n\n    \n\n    <div class=\"link centered\">\n        <a href=\"https:\/\/clinicasdime.com\/index.php\/departments\/\" Departmentos target=\"\" class=\"btn btn-xs btn-secondary\"><strong>More<\/strong><\/a>\n    <\/div>\n\n  <\/div>\n\n<\/div>\n\n<!-- END======================= TEASER BOX ==========================-->[\/vc_column][vc_column width=\u00bb1\/4&#8243; color_set=\u00bbskincolored_section\u00bb background=\u00bbtransparent\u00bb offset=\u00bbvc_col-xs-6&#8243; css=\u00bb.vc_custom_1447875610924{background-color: #269cff !important;}\u00bb]<!-- ========================== TEASER BOX ==========================-->\n<div class=\"teaser_box wpb_content_element text-center  transparent boxed same_height_col  with_button    \">\n\n  <div class=\"figure transparent\">\n\n\n      <a href=\"https:\/\/clinicasdime.com\/index.php\/servicios\/\" debug title=\"All Medical Services\" target=\"\"> \n\n        \n        \n        \n         <img decoding=\"async\" src=\"https:\/\/clinicasdime.com\/wp-content\/uploads\/2015\/09\/icon_med_book_white.png\" alt=\"Servicios Medicos\">   \n\n        \n\n    <\/a>\n\n  <\/div>\n\n\n\n  <div class=\"content text-center   with_button \">\n    \n    <div class=\"hgroup\">\n       <h4 class=\"neutralize_links\">\n       Servicios Medicos\n       <\/h4>\n       <p>Todos nuestros servicios por especialidad<\/p> \n    <\/div>\n\n    \n\n    <div class=\"link centered\">\n        <a href=\"https:\/\/clinicasdime.com\/index.php\/servicios\/\" All Medical Services target=\"\" class=\"btn btn-xs btn-secondary\"><strong>More<\/strong><\/a>\n    <\/div>\n\n  <\/div>\n\n<\/div>\n\n<!-- END======================= TEASER BOX ==========================-->[\/vc_column][vc_column width=\u00bb1\/4&#8243; color_set=\u00bbskincolored_section\u00bb offset=\u00bbvc_col-xs-6&#8243; css=\u00bb.vc_custom_1447875785935{background-color: #45aaff !important;}\u00bb]<!-- ========================== TEASER BOX ==========================-->\n<div class=\"teaser_box wpb_content_element text-center  transparent boxed same_height_col  with_button    \">\n\n  <div class=\"figure transparent\">\n\n\n      <a href=\"https:\/\/clinicasdime.com\/index.php\/personal\/\" debug title=\"Nuestro Personal\" target=\"\"> \n\n        \n        \n        \n         <img decoding=\"async\" src=\"https:\/\/clinicasdime.com\/wp-content\/uploads\/2015\/09\/icon_doctor1.png\" alt=\"Busque su doctor\">   \n\n        \n\n    <\/a>\n\n  <\/div>\n\n\n\n  <div class=\"content text-center   with_button \">\n    \n    <div class=\"hgroup\">\n       <h4 class=\"neutralize_links\">\n       Busque su doctor\n       <\/h4>\n       <p>Todos nuestros especialistas y colaboradores para ti<\/p> \n    <\/div>\n\n    \n\n    <div class=\"link centered\">\n        <a href=\"https:\/\/clinicasdime.com\/index.php\/personal\/\" Nuestro Personal target=\"\" class=\"btn btn-xs btn-secondary\"><strong>More<\/strong><\/a>\n    <\/div>\n\n  <\/div>\n\n<\/div>\n\n<!-- END======================= TEASER BOX ==========================-->[\/vc_column][vc_column width=\u00bb1\/4&#8243; color_set=\u00bbskincolored_section\u00bb background=\u00bbtransparent\u00bb offset=\u00bbvc_col-xs-6&#8243; css=\u00bb.vc_custom_1447875797423{background-color: #64b8ff !important;}\u00bb]<!-- ========================== TEASER BOX ==========================-->\n<div class=\"teaser_box wpb_content_element text-center  transparent boxed same_height_col  with_button    \">\n\n  <div class=\"figure transparent\">\n\n\n      <a href=\"https:\/\/sistema.siga-dental.com\/get_horario_usuario_online\/eyJpdiI6IncwcWVXRnZJaENZNDlsMG9lRkRXc0E9PSIsInZhbHVlIjoicWg1QmVJb2oyUytZNHpKWm9qNjJZWEdNUWxpdUZmNm1YSEdiVFJwR3dOQT0iLCJtYWMiOiJiOGNjZTkxZjE3YTY0MGJmNjVhYjU1M2NmNDJjMDgxMDMzN2Y0YzM5ZTk0ODQ1NjEyNGI1MzUyYTg5ZjYyMWZkIn0=\" debug title=\"\" target=\"\"> \n\n        \n        \n        \n         <img decoding=\"async\" src=\"https:\/\/clinicasdime.com\/wp-content\/uploads\/2015\/09\/icon_help_desk1.png\" alt=\"Agende una Cita\">   \n\n        \n\n    <\/a>\n\n  <\/div>\n\n\n\n  <div class=\"content text-center   with_button \">\n    \n    <div class=\"hgroup\">\n       <h4 class=\"neutralize_links\">\n       Agende una Cita\n       <\/h4>\n       <p>Ll\u00e1menos, escribanos o lleno un formularios<\/p> \n    <\/div>\n\n    \n\n    <div class=\"link centered\">\n        <a href=\"https:\/\/sistema.siga-dental.com\/get_horario_usuario_online\/eyJpdiI6IncwcWVXRnZJaENZNDlsMG9lRkRXc0E9PSIsInZhbHVlIjoicWg1QmVJb2oyUytZNHpKWm9qNjJZWEdNUWxpdUZmNm1YSEdiVFJwR3dOQT0iLCJtYWMiOiJiOGNjZTkxZjE3YTY0MGJmNjVhYjU1M2NmNDJjMDgxMDMzN2Y0YzM5ZTk0ODQ1NjEyNGI1MzUyYTg5ZjYyMWZkIn0=\"  target=\"\" class=\"btn btn-xs btn-secondary\"><strong>More<\/strong><\/a>\n    <\/div>\n\n  <\/div>\n\n<\/div>\n\n<!-- END======================= TEASER BOX ==========================-->[\/vc_column][\/vc_row][vc_row full_width=\u00bb0&#8243; full_height=\u00bb0&#8243; row_padding=\u00bbno_top_padding\u00bb sep_bottom=\u00bbseparator_bottom sep_angled_positive_bottom\u00bb particles=\u00bb0&#8243;][vc_column]<div class=\"section_header subtitle_bottom   fancy text-left\">\n\n    <h2>Bienvenido a Cl\u00ednicas DIME<\/h2>\n\n\n        <p >Construimos relaciones duradera basadas en la confianza.<\/p>\n<\/div>[\/vc_column][vc_column width=\u00bb2\/3&#8243; heading_align=\u00bbtext-center\u00bb align=\u00bbtext-left\u00bb margin=\u00bbmargin_bottom_grid\u00bb][vc_column_text]La atenci\u00f3n personalizada al paciente es lo que distingue a Cl\u00ednicas DIME. Cuando visites una de nuestras\u00a0 sedes en Quito, puedes esperar recibir atenci\u00f3n m\u00e9dica de clase mundial. Nuestros m\u00e9dicos expertos y especialistas que cuentan con t\u00edtulos de instrucci\u00f3n formal de cuarto nivel\u00a0 y nuestro amable personal cl\u00ednico te brindar\u00e1n una experiencia excepcional en el cuidado de tu salud. En Cl\u00ednicas DIME, la atenci\u00f3n personalizada al paciente es lo que nos hace destacar[\/vc_column_text][vc_text_separator title=\u00bbNOS PREOCUPAMOS POR TU BIENESTAR\u00bb title_align=\u00bbseparator_align_left\u00bb align=\u00bbalign_right\u00bb color=\u00bbblack\u00bb][vc_column_text]La atenci\u00f3n personalizada al paciente es lo que diferencia a Cl\u00ednicas DIME. Cuando visites una de nuestras ubicaciones, puedes esperar recibir atenci\u00f3n de clase mundial. Nuestros especialistas m\u00e9dicos expertos y nuestro atento personal cl\u00ednico te brindar\u00e1n una experiencia excepcional en el cuidado de la salud.[\/vc_column_text][\/vc_column][vc_column width=\u00bb1\/3&#8243; align=\u00bbtext-left\u00bb]<!-- ========================== TEASER BOX ==========================-->\n<div class=\"teaser_box wpb_content_element text-center image_hover skincolored_section    with_button    \">\n\n  <div class=\"figure \">\n\n\n      <a href=\"https:\/\/clinicasdime.com\/index.php\/visit-guide\/\" debug title=\"The Patient\u2019s &amp;amp; Visitor\u2019s Guide\" target=\"\"> \n\n        \n         <div class=\"figure  stretchy_wrapper ratio_16-9\" style=\"background-image:url('https:\/\/clinicasdime.com\/wp-content\/uploads\/2013\/06\/health_clinic_outside.jpg')\"><\/div> \n        \n          \n\n        \n\n    <\/a>\n\n  <\/div>\n\n\n\n  <div class=\"content text-center boxed  with_button \">\n    \n    <div class=\"hgroup\">\n       <h4 class=\"neutralize_links\">\n       Gu\u00eda para Pacientes y Visitantes\n       <\/h4>\n       <p>Planifica tu visita a nuestras cl\u00ednicas<\/p> \n    <\/div>\n\n    \n\n    <div class=\"link centered\">\n        <a href=\"https:\/\/clinicasdime.com\/index.php\/visit-guide\/\" The Patient\u2019s &amp;amp; Visitor\u2019s Guide target=\"\" class=\"btn btn-xs btn-secondary\"><strong>More<\/strong><\/a>\n    <\/div>\n\n  <\/div>\n\n<\/div>\n\n<!-- END======================= TEASER BOX ==========================-->[\/vc_column][\/vc_row][vc_row color_set=\u00bbsecondary_section\u00bb full_width=\u00bb0&#8243; full_height=\u00bb0&#8243; particles=\u00bb0&#8243;][vc_column]<div class=\"section_header subtitle_bottom   fancy text-left\">\n\n    <h2>Departamentos Medicos<\/h2>\n\n\n        <p >La espina vertebral de nuestras cl\u00ednicas<\/p>\n<\/div>[\/vc_column][vc_column heading_align=\u00bbtext-center\u00bb align=\u00bbtext-left\u00bb margin=\u00bbmargin_bottom_grid\u00bb offset=\u00bbvc_col-md-8&#8243;][vc_row_inner][vc_column_inner width=\u00bb1\/3&#8243;]<!-- ========================== TEASER BOX ==========================-->\n<div class=\"teaser_box wpb_content_element text-center  light_section    with_button    \">\n\n  <div class=\"figure transparent\">\n\n\n\n        \n         <div class=\"figure transparent stretchy_wrapper ratio_4-3\" style=\"background-image:url('https:\/\/clinicasdime.com\/wp-content\/uploads\/2024\/04\/ADT_DIME_TarjetasIdentificacion-e1711926773267.png')\"><\/div> \n        \n          \n\n        \n\n\n  <\/div>\n\n\n\n  <div class=\"content text-center boxed_special  with_button \">\n    \n    <div class=\"hgroup\">\n       <h4 class=\"neutralize_links\">\n       Cirujano Maxilofacial\n       <\/h4>\n       <p>Dr. Jorge H. Castro A.<\/p> \n    <\/div>\n\n    \n\n    <div class=\"link centered\">\n        <a href=\"\"  target=\"\" class=\"btn btn-xs btn-primary\"><strong>More<\/strong><\/a>\n    <\/div>\n\n  <\/div>\n\n<\/div>\n\n<!-- END======================= TEASER BOX ==========================-->[\/vc_column_inner][vc_column_inner width=\u00bb1\/3&#8243;]<!-- ========================== TEASER BOX ==========================-->\n<div class=\"teaser_box wpb_content_element text-center  light_section    with_button    \">\n\n  <div class=\"figure transparent\">\n\n\n\n        \n         <div class=\"figure transparent stretchy_wrapper ratio_4-3\" style=\"background-image:url('https:\/\/clinicasdime.com\/wp-content\/uploads\/2024\/04\/ADT_DIME_TarjetasIdentificacion-2-e1711927379584.png')\"><\/div> \n        \n          \n\n        \n\n\n  <\/div>\n\n\n\n  <div class=\"content text-center boxed_special  with_button \">\n    \n    <div class=\"hgroup\">\n       <h4 class=\"neutralize_links\">\n       Odontologa General\n       <\/h4>\n       <p>Dra. Olga D\u00e1vila<\/p> \n    <\/div>\n\n    \n\n    <div class=\"link centered\">\n        <a href=\"\"  target=\"\" class=\"btn btn-xs btn-primary\"><strong>More<\/strong><\/a>\n    <\/div>\n\n  <\/div>\n\n<\/div>\n\n<!-- END======================= TEASER BOX ==========================-->[\/vc_column_inner][vc_column_inner width=\u00bb1\/3&#8243;]<!-- ========================== TEASER BOX ==========================-->\n<div class=\"teaser_box wpb_content_element text-center  light_section    with_button    \">\n\n  <div class=\"figure \">\n\n\n\n        \n         <div class=\"figure  stretchy_wrapper ratio_4-3\" style=\"background-image:url('https:\/\/clinicasdime.com\/wp-content\/uploads\/2024\/04\/ADT_DIME_TarjetasIdentificacion-1-e1711927420994.png')\"><\/div> \n        \n          \n\n        \n\n\n  <\/div>\n\n\n\n  <div class=\"content text-center boxed_special  with_button \">\n    \n    <div class=\"hgroup\">\n       <h4 class=\"neutralize_links\">\n       Ortodoncista y Ortopedista\n       <\/h4>\n       <p>Dr. Patricio Echeverria<\/p> \n    <\/div>\n\n    \n\n    <div class=\"link centered\">\n        <a href=\"\"  target=\"\" class=\"btn btn-xs btn-primary\"><strong>More<\/strong><\/a>\n    <\/div>\n\n  <\/div>\n\n<\/div>\n\n<!-- END======================= TEASER BOX ==========================-->[\/vc_column_inner][\/vc_row_inner][\/vc_column][vc_column align=\u00bbtext-left\u00bb offset=\u00bbvc_col-md-4&#8243;][vc_text_separator title=\u00bbEQUIPAMIENTO MODERNO\u00bb title_align=\u00bbseparator_align_left\u00bb align=\u00bbalign_right\u00bb color=\u00bbblack\u00bb][vc_column_text]En DIME, nos enorgullece contar con un equipo de especialistas que poseen una trayectoria excepcional respaldada por hojas de vida impecables. Cada uno de nuestros profesionales m\u00e9dicos cuenta con estudios de cuarto nivel, lo que refleja su dedicaci\u00f3n a la excelencia acad\u00e9mica y profesional. Nuestra cl\u00ednica se enriquece con la experiencia y el conocimiento de estos expertos, quienes est\u00e1n comprometidos a brindar la m\u00e1s alta calidad de atenci\u00f3n m\u00e9dica a nuestros pacientes.[\/vc_column_text]<div class=\"plethora_button wpb_content_element   text-left btn_block\">\n    <a href=\"https:\/\/clinicasdime.com\/index.php\/servicios\/\" debug class=\" btn btn-primary with-icon icon-left\" title=\"All Medical Services\"  target=\"_self\">\n\n         <i class=\"fa fa-sitemap\"><\/i> \n        Revisa todas nuestras especialidades\n        \n\n    <\/a>\n<\/div>[\/vc_column][\/vc_row][vc_row color_set=\u00bblight_section\u00bb full_width=\u00bb0&#8243; full_height=\u00bb0&#8243; sep_top=\u00bbseparator_top sep_angled_positive_top\u00bb sep_bottom=\u00bbseparator_bottom sep_angled_positive_bottom\u00bb particles=\u00bb0&#8243;][vc_column]<div class=\"section_header subtitle_bottom   fancy text-left\">\n\n    <h2>Servicios Destacados<\/h2>\n\n\n        <p >Cubrimos una gran variedad de servicios medicos y odontologicos<\/p>\n<\/div>[\/vc_column][vc_column heading_align=\u00bbtext-center\u00bb align=\u00bbtext-left\u00bb margin=\u00bbmargin_bottom_grid\u00bb offset=\u00bbvc_col-md-8&#8243;][vc_row_inner][vc_column_inner width=\u00bb1\/3&#8243;]<!-- ========================== TEASER BOX ==========================-->\n<div class=\"teaser_box wpb_content_element text-center  transparent boxed_special same_height_col  with_button    \">\n\n  <div class=\"figure transparent\">\n\n\n      <a href=\"http:\/\/plethorathemes.com\/healthflex\/free-checkup-offer\/\" debug title=\"\" target=\"\"> \n\n        \n        \n        \n         <img decoding=\"async\" src=\"https:\/\/clinicasdime.com\/wp-content\/uploads\/2015\/09\/strive-test.png\" alt=\"Cita de Diagnostico\">   \n\n        \n\n    <\/a>\n\n  <\/div>\n\n\n\n  <div class=\"content text-center   with_button \">\n    \n    <div class=\"hgroup\">\n       <h4 class=\"neutralize_links\">\n       Cita de Diagnostico\n       <\/h4>\n       <p>La base del Bienestar<\/p> \n    <\/div>\n\n    \n\n    <div class=\"link centered\">\n        <a href=\"http:\/\/plethorathemes.com\/healthflex\/free-checkup-offer\/\"  target=\"\" class=\"btn btn-xs btn-primary\"><strong>More<\/strong><\/a>\n    <\/div>\n\n  <\/div>\n\n<\/div>\n\n<!-- END======================= TEASER BOX ==========================-->[\/vc_column_inner][vc_column_inner width=\u00bb1\/3&#8243;]<!-- ========================== TEASER BOX ==========================-->\n<div class=\"teaser_box wpb_content_element text-center  transparent boxed_special same_height_col  with_button    \">\n\n  <div class=\"figure transparent\">\n\n\n      <a href=\"http:\/\/plethorathemes.com\/healthflex\/departments\/cosmetic-surgery\/\" debug title=\"\" target=\"\"> \n\n        \n        \n        \n         <img decoding=\"async\" src=\"https:\/\/clinicasdime.com\/wp-content\/uploads\/2023\/09\/2.png\" alt=\"Diagnostico Dental\">   \n\n        \n\n    <\/a>\n\n  <\/div>\n\n\n\n  <div class=\"content text-center   with_button \">\n    \n    <div class=\"hgroup\">\n       <h4 class=\"neutralize_links\">\n       Diagnostico Dental\n       <\/h4>\n       <p>Cuida tu salud dental<\/p> \n    <\/div>\n\n    \n\n    <div class=\"link centered\">\n        <a href=\"http:\/\/plethorathemes.com\/healthflex\/departments\/cosmetic-surgery\/\"  target=\"\" class=\"btn btn-xs btn-primary\"><strong>More<\/strong><\/a>\n    <\/div>\n\n  <\/div>\n\n<\/div>\n\n<!-- END======================= TEASER BOX ==========================-->[\/vc_column_inner][vc_column_inner width=\u00bb1\/3&#8243;]<!-- ========================== TEASER BOX ==========================-->\n<div class=\"teaser_box wpb_content_element text-center  transparent boxed_special same_height_col  with_button    \">\n\n  <div class=\"figure transparent\">\n\n\n      <a href=\"http:\/\/plethorathemes.com\/healthflex\/services\/\" debug title=\"\" target=\"\"> \n\n        \n        \n        \n         <img decoding=\"async\" src=\"https:\/\/clinicasdime.com\/wp-content\/uploads\/2023\/09\/1.png\" alt=\"Extracci\u00f3n de Muelas del Juicio\">   \n\n        \n\n    <\/a>\n\n  <\/div>\n\n\n\n  <div class=\"content text-center   with_button \">\n    \n    <div class=\"hgroup\">\n       <h4 class=\"neutralize_links\">\n       Extracci\u00f3n de Muelas del Juicio\n       <\/h4>\n       <p>Evita dolores y molestias Innecesarias<\/p> \n    <\/div>\n\n    \n\n    <div class=\"link centered\">\n        <a href=\"http:\/\/plethorathemes.com\/healthflex\/services\/\"  target=\"\" class=\"btn btn-xs btn-primary\"><strong>More<\/strong><\/a>\n    <\/div>\n\n  <\/div>\n\n<\/div>\n\n<!-- END======================= TEASER BOX ==========================-->[\/vc_column_inner][\/vc_row_inner][vc_empty_space height=\u00bb24px\u00bb][vc_column_text]La atenci\u00f3n personalizada al paciente es lo que distingue a Cl\u00ednicas DIME Cuando visita una de nuestras cl\u00ednicas, puede esperar recibir atenci\u00f3n de primera clase. M\u00e9dicos especialistas expertos y un personal cl\u00ednico atento le brindan una atenci\u00f3n m\u00e9dica excepcional.[\/vc_column_text]<div class=\"plethora_button wpb_content_element   text-left \">\n    <a href=\"https:\/\/clinicasdime.com\/index.php\/services\/\" debug class=\" btn btn-primary with-icon icon-left\" title=\"All Medical Services\"  target=\"_self\">\n\n         <i class=\"wmi icon-i-pathology\"><\/i> \n        Revisa todas nuestras especialidades\n        \n\n    <\/a>\n<\/div>[\/vc_column][vc_column align=\u00bbtext-left\u00bb offset=\u00bbvc_col-md-4&#8243;][vc_text_separator title=\u00bbHorario de Atenci\u00f3n\u00bb title_align=\u00bbseparator_align_left\u00bb align=\u00bbalign_right\u00bb color=\u00bbblack\u00bb el_class=\u00bbx_bold\u00bb][vc_raw_html]JTNDZGl2JTIwY2xhc3MlM0QlMjJ0aW1ldGFibGUlMjIlM0UlMEElMjAlMjAlM0N0YWJsZSUyMGNsYXNzJTNEJTIydGltZXRhYmxlX2hvdXJzJTIyJTNFJTBBJTIwJTIwJTIwJTIwJTNDdHIlM0UlMEElMjAlMjAlMjAlMjAlMjAlMjAlM0N0ZCUzRUxVTkVTJTNDJTJGdGQlM0UlMEElMjAlMjAlMjAlMjAlMjAlMjAlM0N0ZCUzRTA4JTNBMzAtMTglM0EzMCUzQyUyRnRkJTNFJTBBJTIwJTIwJTIwJTIwJTNDJTJGdHIlM0UlMEElMjAlMjAlMjAlMjAlM0N0ciUzRSUwQSUyMCUyMCUyMCUyMCUyMCUyMCUzQ3RkJTNFTUFSVEVTJTNDJTJGdGQlM0UlMEElMjAlMjAlMjAlMjAlMjAlMjAlM0N0ZCUzRTA4JTNBMzAtMTglM0EzMCUzQyUyRnRkJTNFJTBBJTIwJTIwJTIwJTIwJTNDJTJGdHIlM0UlMEElMjAlMjAlMjAlMjAlM0N0ciUzRSUwQSUyMCUyMCUyMCUyMCUyMCUyMCUzQ3RkJTNFTUlFUkNPTEVTJTNDJTJGdGQlM0UlMEElMjAlMjAlMjAlMjAlMjAlMjAlM0N0ZCUzRTA4JTNBMzAtMTglM0EzMCUzQyUyRnRkJTNFJTBBJTIwJTIwJTIwJTIwJTNDJTJGdHIlM0UlMEElMjAlMjAlMjAlMjAlM0N0ciUzRSUwQSUyMCUyMCUyMCUyMCUyMCUyMCUzQ3RkJTNFSlVFVkVTJTNDJTJGdGQlM0UlMEElMjAlMjAlMjAlMjAlMjAlMjAlM0N0ZCUzRTA4JTNBMzAtMTglM0EzMCUzQyUyRnRkJTNFJTBBJTIwJTIwJTIwJTIwJTNDJTJGdHIlM0UlMEElMjAlMjAlMjAlMjAlM0N0ciUzRSUwQSUyMCUyMCUyMCUyMCUyMCUyMCUzQ3RkJTNFVklFUk5FUyUzQyUyRnRkJTNFJTBBJTIwJTIwJTIwJTIwJTIwJTIwJTNDdGQlM0UwOCUzQTMwLTE4JTNBMzAlM0MlMkZ0ZCUzRSUwQSUyMCUyMCUyMCUyMCUzQyUyRnRyJTNFJTBBJTIwJTIwJTIwJTIwJTNDdHIlM0UlMEElMjAlMjAlMjAlMjAlMjAlMjAlM0N0ZCUzRVNBQkFETyUzQyUyRnRkJTNFJTBBJTIwJTIwJTIwJTIwJTIwJTIwJTNDdGQlM0UwOCUzQTAwLTE2JTNBMDAlM0MlMkZ0ZCUzRSUwQSUyMCUyMCUyMCUyMCUzQyUyRnRyJTNFJTBBJTIwJTIwJTIwJTIwJTNDdHIlM0UlMEElMjAlMjAlMjAlMjAlMjAlMjAlM0N0ZCUzRURPTUlOR08lM0MlMkZ0ZCUzRSUwQSUyMCUyMCUyMCUyMCUyMCUyMCUzQ3RkJTNFQ2VycmFkbyUzQyUyRnRkJTNFJTBBJTIwJTIwJTIwJTIwJTNDJTJGdHIlM0UlMEElMjAlMjAlM0MlMkZ0YWJsZSUzRSUwQSUzQyUyRmRpdiUzRQ==[\/vc_raw_html][vc_text_separator title=\u00bbAseguradoras y Pagos\u00bb title_align=\u00bbseparator_align_left\u00bb align=\u00bbalign_right\u00bb color=\u00bbblack\u00bb el_class=\u00bbx_bold\u00bb][vc_column_text]Para comodidad de nuestros pacientes, Cl\u00ednicas DIME se encuentra en proceso de certificaci\u00f3n con proveedores de seguros y compa\u00f1\u00edas de asistencia internacionales.[\/vc_column_text][\/vc_column][\/vc_row][vc_row color_set=\u00bbsecondary_section\u00bb align=\u00bbtext-center\u00bb full_width=\u00bb0&#8243; full_height=\u00bb0&#8243; cols_valign=\u00bbvcenter\u00bb transparent_overlay=\u00bbtransparent_film\u00bb background=\u00bbbgimage\u00bb bgimage=\u00bb1158&#8243; parallax=\u00bb0&#8243;][vc_column align=\u00bbtext-center\u00bb]<div class=\"section_header subtitle_bottom   fancy text-center\">\n\n    <h2>Necesitas un plan medico u odontologico?<\/h2>\n\n\n        <p >Llaman al(+593)(0)9 5074453 y con Fleximeds recibe el mejor plan de membrec\u00edas medicas u odontol\u00f3gicas, para ti, tu familia o tu empresa<\/p>\n<\/div><div class=\"plethora_button wpb_content_element   text-center \">\n    <a href=\"#\" debug class=\" btn btn-success with-icon icon-left\" title=\"\"  target=\"_self\">\n\n         <i class=\"fa fa-check\"><\/i> \n        Requiere una membrec\u00eda\n        \n\n    <\/a>\n<\/div>[\/vc_column][\/vc_row]<\/p>\n<\/section>","protected":false},"excerpt":{"rendered":"<p>[vc_row full_width=\u00bb0&#8243; full_height=\u00bb0&#8243; row_padding=\u00bbno_padding\u00bb cols_padding=\u00bbno_cols_padding\u00bb elevate=\u00bbelevate\u00bb background=\u00bbtransparent\u00bb el_class=\u00bbfolded_section\u00bb][vc_column width=\u00bb1\/4&#8243; color_set=\u00bbskincolored_section\u00bb background=\u00bbtransparent\u00bb offset=\u00bbvc_col-xs-6&#8243; css=\u00bb.vc_custom_1446619389066{background-color: #088eff !important;}\u00bb][\/vc_column][vc_column width=\u00bb1\/4&#8243; color_set=\u00bbskincolored_section\u00bb background=\u00bbtransparent\u00bb offset=\u00bbvc_col-xs-6&#8243; css=\u00bb.vc_custom_1447875610924{background-color: #269cff !important;}\u00bb][\/vc_column][vc_column width=\u00bb1\/4&#8243; color_set=\u00bbskincolored_section\u00bb offset=\u00bbvc_col-xs-6&#8243; css=\u00bb.vc_custom_1447875785935{background-color: #45aaff !important;}\u00bb][\/vc_column][vc_column width=\u00bb1\/4&#8243; color_set=\u00bbskincolored_section\u00bb background=\u00bbtransparent\u00bb offset=\u00bbvc_col-xs-6&#8243; css=\u00bb.vc_custom_1447875797423{background-color: #64b8ff !important;}\u00bb][\/vc_column][\/vc_row][vc_row full_width=\u00bb0&#8243; full_height=\u00bb0&#8243; row_padding=\u00bbno_top_padding\u00bb sep_bottom=\u00bbseparator_bottom sep_angled_positive_bottom\u00bb particles=\u00bb0&#8243;][vc_column][\/vc_column][vc_column width=\u00bb2\/3&#8243; heading_align=\u00bbtext-center\u00bb align=\u00bbtext-left\u00bb margin=\u00bbmargin_bottom_grid\u00bb][vc_column_text]La atenci\u00f3n personalizada al paciente es lo que distingue a Cl\u00ednicas [&hellip;]<\/p>\n","protected":false},"author":1,"featured_media":0,"parent":0,"menu_order":0,"comment_status":"closed","ping_status":"closed","template":"","meta":{"footnotes":""},"class_list":["post-145","page","type-page","status-publish","hentry"],"_links":{"self":[{"href":"https:\/\/clinicasdime.com\/index.php\/wp-json\/wp\/v2\/pages\/145","targetHints":{"allow":["GET"]}}],"collection":[{"href":"https:\/\/clinicasdime.com\/index.php\/wp-json\/wp\/v2\/pages"}],"about":[{"href":"https:\/\/clinicasdime.com\/index.php\/wp-json\/wp\/v2\/types\/page"}],"author":[{"embeddable":true,"href":"https:\/\/clinicasdime.com\/index.php\/wp-json\/wp\/v2\/users\/1"}],"replies":[{"embeddable":true,"href":"https:\/\/clinicasdime.com\/index.php\/wp-json\/wp\/v2\/comments?post=145"}],"version-history":[{"count":3,"href":"https:\/\/clinicasdime.com\/index.php\/wp-json\/wp\/v2\/pages\/145\/revisions"}],"predecessor-version":[{"id":2366,"href":"https:\/\/clinicasdime.com\/index.php\/wp-json\/wp\/v2\/pages\/145\/revisions\/2366"}],"wp:attachment":[{"href":"https:\/\/clinicasdime.com\/index.php\/wp-json\/wp\/v2\/media?parent=145"}],"curies":[{"name":"wp","href":"https:\/\/api.w.org\/{rel}","templated":true}]}}