{"id":1255,"date":"2015-11-13T07:57:36","date_gmt":"2015-11-13T07:57:36","guid":{"rendered":"http:\/\/plethorathemes.com\/healthx\/?page_id=1255"},"modified":"2024-04-04T06:38:46","modified_gmt":"2024-04-04T04:38:46","slug":"visitantes","status":"publish","type":"page","link":"https:\/\/clinicasdime.com\/index.php\/visitantes\/","title":{"rendered":"Guia para Pacientes &amp; Visitantes"},"content":{"rendered":"<section class=\"wpb-content-wrapper\"><p>[vc_row color_set=\u00bbsecondary_section\u00bb full_width=\u00bb0&#8243; full_height=\u00bb0&#8243; transparent_overlay=\u00bbtransparent_film\u00bb background=\u00bbbgimage\u00bb bgimage=\u00bb516&#8243; parallax=\u00bb0&#8243;][vc_column]<div class=\"section_header subtitle_bottom   fancy text-center\">\n\n    <h2>Guia para Pacientes y Visitantes<\/h2>\n\n\n        <p >\u00a1Informaci\u00f3n \u00fatil sobre su visita a nuestra cl\u00ednica!<\/p>\n<\/div>[vc_row_inner el_class=\u00bbfolded_section\u00bb][vc_column_inner width=\u00bb1\/2&#8243; css=\u00bb.vc_custom_1448964466367{background-color: #088eff !important;}\u00bb]<!-- ========================== TEASER BOX ==========================-->\n<div class=\"teaser_box wpb_content_element text-center  transparent boxed same_height_col  with_button    \">\n\n\n  <div class=\"figure transparent\">\n\n      <a href=\"https:\/\/clinicasdime.com\/index.php\/contactanos\/\" debug title=\"Cont\u00e1ctanos\" target=\"\"> \n\n        \n\n        \n\n        <i class=\"fa fa-street-view\"><\/i>\n\n\n    <\/a>\n\n\n  <\/div>\n\n\n  <div class=\"content text-center   with_button \">\n    \n    <div class=\"hgroup\">\n       <h4 class=\"neutralize_links\">\n       Encuentranos en el Mapa\n       <\/h4>\n       <p>M\u00c1S informaci\u00f3n \u00fatil de contacto<\/p> \n    <\/div>\n\n    \n\n    <div class=\"link centered\">\n        <a href=\"https:\/\/clinicasdime.com\/index.php\/contactanos\/\" Cont\u00e1ctanos target=\"\" class=\"btn btn-xs btn-secondary\"><strong>M\u00e1s Informaci\u00f3n<\/strong><\/a>\n    <\/div>\n\n  <\/div>\n\n<\/div>\n\n<!-- END======================= TEASER BOX ==========================-->[\/vc_column_inner][vc_column_inner width=\u00bb1\/2&#8243; css=\u00bb.vc_custom_1448964485854{background-color: #64b8ff !important;}\u00bb]<!-- ========================== TEASER BOX ==========================-->\n<div class=\"teaser_box wpb_content_element text-center  transparent boxed same_height_col  with_button    \">\n\n\n  <div class=\"figure transparent\">\n\n      <a href=\"https:\/\/clinicasdime.com\/index.php\/faq\/\" debug title=\"Agende una Cita\" target=\"\"> \n\n        \n\n        \n\n        <i class=\"fa fa-question-circle\"><\/i>\n\n\n    <\/a>\n\n\n  <\/div>\n\n\n  <div class=\"content text-center   with_button \">\n    \n    <div class=\"hgroup\">\n       <h4 class=\"neutralize_links\">\n       FAQ\n       <\/h4>\n       <p>Preguntas Frecuentes<\/p> \n    <\/div>\n\n    \n\n    <div class=\"link centered\">\n        <a href=\"https:\/\/clinicasdime.com\/index.php\/faq\/\" Agende una Cita target=\"\" class=\"btn btn-xs btn-secondary\"><strong>M\u00e1s Informaci\u00f3n<\/strong><\/a>\n    <\/div>\n\n  <\/div>\n\n<\/div>\n\n<!-- END======================= TEASER BOX ==========================-->[\/vc_column_inner][\/vc_row_inner][vc_row_inner el_class=\u00bbfolded_section\u00bb][vc_column_inner width=\u00bb1\/3&#8243; color_set=\u00bbdark_section\u00bb]<!-- ========================== TEASER BOX ==========================-->\n<div class=\"teaser_box wpb_content_element text-center   boxed   with_button    \">\n\n\n  <div class=\"figure \">\n\n      <a href=\"#pdf\" debug title=\"\" target=\"\"> \n\n        \n\n        \n\n        <i class=\"wmi icon-i-administration\"><\/i>\n\n\n    <\/a>\n\n\n  <\/div>\n\n\n  <div class=\"content text-center   with_button \">\n    \n    <div class=\"hgroup\">\n       <h4 class=\"neutralize_links\">\n       Formularios para pacientes\n       <\/h4>\n      \n    <\/div>\n\n     <div class=\"desc\"><p>Formularios para bajar y completar antes de su cita<\/p><\/div> \n\n    <div class=\"link centered\">\n        <a href=\"#pdf\"  target=\"\" class=\"btn btn-xs btn-primary\"><strong>Bajar Formularios<\/strong><\/a>\n    <\/div>\n\n  <\/div>\n\n<\/div>\n\n<!-- END======================= TEASER BOX ==========================-->[\/vc_column_inner][vc_column_inner width=\u00bb1\/3&#8243; color_set=\u00bbsecondary_section\u00bb]<!-- ========================== TEASER BOX ==========================-->\n<div class=\"teaser_box wpb_content_element text-center   boxed   with_button    \">\n\n\n  <div class=\"figure \">\n\n      <a href=\"#pdf\" debug title=\"\" target=\"\"> \n\n        \n\n        \n\n        <i class=\"wmi icon-i-medical-records\"><\/i>\n\n\n    <\/a>\n\n\n  <\/div>\n\n\n  <div class=\"content text-center   with_button \">\n    \n    <div class=\"hgroup\">\n       <h4 class=\"neutralize_links\">\n       Informaci\u00f3n de Seguros\n       <\/h4>\n      \n    <\/div>\n\n     <div class=\"desc\"><p>El persinal de Cl\u00ednicas DIME se encuentra disponible para cualquier inquietud que usted tenga.<\/p><\/div> \n\n    <div class=\"link centered\">\n        <a href=\"#pdf\"  target=\"\" class=\"btn btn-xs btn-primary\"><strong>Obtener Informaci\u00f3n<\/strong><\/a>\n    <\/div>\n\n  <\/div>\n\n<\/div>\n\n<!-- END======================= TEASER BOX ==========================-->[\/vc_column_inner][vc_column_inner width=\u00bb1\/3&#8243; color_set=\u00bbblack_section\u00bb]<!-- ========================== TEASER BOX ==========================-->\n<div class=\"teaser_box wpb_content_element text-center   boxed   with_button    \">\n\n\n  <div class=\"figure \">\n\n      <a href=\"#pdf\" debug title=\"\" target=\"\"> \n\n        \n\n        \n\n        <i class=\"wmi icon-i-billing\"><\/i>\n\n\n    <\/a>\n\n\n  <\/div>\n\n\n  <div class=\"content text-center   with_button \">\n    \n    <div class=\"hgroup\">\n       <h4 class=\"neutralize_links\">\n       Pague sus cuentas\n       <\/h4>\n      \n    <\/div>\n\n     <div class=\"desc\"><p>Informaci\u00f3n de sus facturas y cuentas por pagar a la cl\u00ednica.<\/p><\/div> \n\n    <div class=\"link centered\">\n        <a href=\"#pdf\"  target=\"\" class=\"btn btn-xs btn-primary\"><strong>More<\/strong><\/a>\n    <\/div>\n\n  <\/div>\n\n<\/div>\n\n<!-- END======================= TEASER BOX ==========================-->[\/vc_column_inner][\/vc_row_inner][\/vc_column][\/vc_row][vc_row color_set=\u00bbsecondary_section\u00bb full_width=\u00bb0&#8243; full_height=\u00bb0&#8243; row_padding=\u00bbno_padding\u00bb sep_top=\u00bbseparator_top sep_angled_positive_top\u00bb sep_bottom=\u00bbseparator_bottom sep_angled_positive_bottom\u00bb particles=\u00bb0&#8243;][vc_column width=\u00bb1\/3&#8243;]<!-- ========================== TEASER BOX ==========================-->\n<div class=\"teaser_box wpb_content_element text-center   boxed     \">\n\n\n\n\n        \n\n\n\n\n\n\n<\/div>\n\n<!-- END======================= TEASER BOX ==========================-->[\/vc_column][vc_column width=\u00bb1\/3&#8243;]<!-- ========================== TEASER BOX ==========================-->\n<div class=\"teaser_box wpb_content_element text-center   boxed     \">\n\n  <div class=\"figure \">\n\n\n\n        \n        \n        \n         <img decoding=\"async\" src=\"https:\/\/clinicasdime.com\/wp-content\/uploads\/2023\/08\/ADT_DIME_LOGO_SinFondo_Negro-1000x500-1.png\" alt=\"\">   \n\n        \n\n\n  <\/div>\n\n\n\n\n<\/div>\n\n<!-- END======================= TEASER BOX ==========================-->[\/vc_column][vc_column width=\u00bb1\/3&#8243;]<!-- ========================== TEASER BOX ==========================-->\n<div class=\"teaser_box wpb_content_element text-center   boxed     \">\n\n\n\n\n        \n\n\n\n\n\n\n<\/div>\n\n<!-- END======================= TEASER BOX ==========================-->[\/vc_column][\/vc_row][vc_row color_set=\u00bbsecondary_section\u00bb full_width=\u00bb0&#8243; full_height=\u00bb0&#8243; transparent_overlay=\u00bbtransparent_film\u00bb background=\u00bbbgimage\u00bb bgimage=\u00bb1238&#8243; parallax=\u00bb1&#8243;][vc_column]<div class=\"section_header subtitle_bottom   fancy text-center\">\n\n    <h2>Deseas agendar un cita?<\/h2>\n\n\n        <p >Ll\u00e1manos al <b>(+593) (0)9 92792620<\/b> o llene el formulario de citas...<\/p>\n<\/div><div class=\"plethora_button wpb_content_element   text-center \">\n    <a href=\"https:\/\/clinicasdime.com\/index.php\/agendar-cita\/\" debug class=\" btn btn-success with-icon icon-left\" title=\"Agende una Cita\"  target=\"_self\">\n\n         <i class=\"wmi icon-i-registration\"><\/i> \n        Formulario de Citas!\n        \n\n    <\/a>\n<\/div>[\/vc_column][\/vc_row]<\/p>\n<\/section>","protected":false},"excerpt":{"rendered":"<p>[vc_row color_set=\u00bbsecondary_section\u00bb full_width=\u00bb0&#8243; full_height=\u00bb0&#8243; transparent_overlay=\u00bbtransparent_film\u00bb background=\u00bbbgimage\u00bb bgimage=\u00bb516&#8243; parallax=\u00bb0&#8243;][vc_column][vc_row_inner el_class=\u00bbfolded_section\u00bb][vc_column_inner width=\u00bb1\/2&#8243; css=\u00bb.vc_custom_1448964466367{background-color: #088eff !important;}\u00bb][\/vc_column_inner][vc_column_inner width=\u00bb1\/2&#8243; css=\u00bb.vc_custom_1448964485854{background-color: #64b8ff !important;}\u00bb][\/vc_column_inner][\/vc_row_inner][vc_row_inner el_class=\u00bbfolded_section\u00bb][vc_column_inner width=\u00bb1\/3&#8243; color_set=\u00bbdark_section\u00bb][\/vc_column_inner][vc_column_inner width=\u00bb1\/3&#8243; color_set=\u00bbsecondary_section\u00bb][\/vc_column_inner][vc_column_inner width=\u00bb1\/3&#8243; color_set=\u00bbblack_section\u00bb][\/vc_column_inner][\/vc_row_inner][\/vc_column][\/vc_row][vc_row color_set=\u00bbsecondary_section\u00bb full_width=\u00bb0&#8243; full_height=\u00bb0&#8243; row_padding=\u00bbno_padding\u00bb sep_top=\u00bbseparator_top sep_angled_positive_top\u00bb sep_bottom=\u00bbseparator_bottom sep_angled_positive_bottom\u00bb particles=\u00bb0&#8243;][vc_column width=\u00bb1\/3&#8243;][\/vc_column][vc_column width=\u00bb1\/3&#8243;][\/vc_column][vc_column width=\u00bb1\/3&#8243;][\/vc_column][\/vc_row][vc_row color_set=\u00bbsecondary_section\u00bb full_width=\u00bb0&#8243; full_height=\u00bb0&#8243; transparent_overlay=\u00bbtransparent_film\u00bb background=\u00bbbgimage\u00bb bgimage=\u00bb1238&#8243; parallax=\u00bb1&#8243;][vc_column][\/vc_column][\/vc_row]<\/p>\n","protected":false},"author":1,"featured_media":516,"parent":0,"menu_order":0,"comment_status":"closed","ping_status":"closed","template":"","meta":{"footnotes":""},"class_list":["post-1255","page","type-page","status-publish","has-post-thumbnail","hentry"],"_links":{"self":[{"href":"https:\/\/clinicasdime.com\/index.php\/wp-json\/wp\/v2\/pages\/1255","targetHints":{"allow":["GET"]}}],"collection":[{"href":"https:\/\/clinicasdime.com\/index.php\/wp-json\/wp\/v2\/pages"}],"about":[{"href":"https:\/\/clinicasdime.com\/index.php\/wp-json\/wp\/v2\/types\/page"}],"author":[{"embeddable":true,"href":"https:\/\/clinicasdime.com\/index.php\/wp-json\/wp\/v2\/users\/1"}],"replies":[{"embeddable":true,"href":"https:\/\/clinicasdime.com\/index.php\/wp-json\/wp\/v2\/comments?post=1255"}],"version-history":[{"count":0,"href":"https:\/\/clinicasdime.com\/index.php\/wp-json\/wp\/v2\/pages\/1255\/revisions"}],"wp:featuredmedia":[{"embeddable":true,"href":"https:\/\/clinicasdime.com\/index.php\/wp-json\/wp\/v2\/media\/516"}],"wp:attachment":[{"href":"https:\/\/clinicasdime.com\/index.php\/wp-json\/wp\/v2\/media?parent=1255"}],"curies":[{"name":"wp","href":"https:\/\/api.w.org\/{rel}","templated":true}]}}